{"id":791,"date":"2017-09-01T13:05:03","date_gmt":"2017-09-01T16:05:03","guid":{"rendered":"http:\/\/www.encontramaceio.com.br\/sobre\/?page_id=791"},"modified":"2017-09-01T13:13:26","modified_gmt":"2017-09-01T16:13:26","slug":"rodoviaria-de-maceio","status":"publish","type":"page","link":"https:\/\/www.encontramaceio.com.br\/sobre\/rodoviaria-de-maceio\/","title":{"rendered":"Rodovi\u00e1ria de Macei\u00f3"},"content":{"rendered":"<div class=\"dcb782f0616bca5484400fea6b37e93d\" data-index=\"1\" style=\"float: none; margin:0px;\">\n<script async src=\"https:\/\/pagead2.googlesyndication.com\/pagead\/js\/adsbygoogle.js?client=ca-pub-8585364105181520\"\r\n     crossorigin=\"anonymous\"><\/script>\r\n<!-- Anuncio display - global -->\r\n<ins class=\"adsbygoogle\"\r\n     style=\"display:block\"\r\n     data-ad-client=\"ca-pub-8585364105181520\"\r\n     data-ad-slot=\"8789329856\"\r\n     data-ad-format=\"auto\"\r\n     data-full-width-responsive=\"true\"><\/ins>\r\n<script>\r\n     (adsbygoogle = window.adsbygoogle || []).push({});\r\n<\/script>\n<\/div>\n<p>A <strong>Rodovi\u00e1ria de Macei\u00f3<\/strong> \u00e9 administrada pela empresa SINART. Suas plataformas de embarque oferecem linhas rodovi\u00e1rias com destino a mais de 10 estados brasileiros, com forte atua\u00e7\u00e3o em municpios de Alagoas, Ce\u00e1ra, Para\u00edba, Pernambuco, e outras localidades da regi\u00e3o Norte e Nordeste do Brasil. Com boa infraestrutra, o local recebe milhares de passageiros regulares, no final do m\u00eas.<\/p>\n<p><img loading=\"lazy\" decoding=\"async\" class=\"alignnone wp-image-792 size-full\" title=\"Rodovi\u00e1ria de Macei\u00f3\" src=\"http:\/\/www.encontramaceio.com.br\/sobre\/wp-content\/uploads\/2017\/09\/rodoviaria-de-maceio.jpg\" alt=\"Rodovi\u00e1ria de Macei\u00f3\" width=\"680\" height=\"189\" srcset=\"https:\/\/www.encontramaceio.com.br\/sobre\/wp-content\/uploads\/2017\/09\/rodoviaria-de-maceio.jpg 680w, https:\/\/www.encontramaceio.com.br\/sobre\/wp-content\/uploads\/2017\/09\/rodoviaria-de-maceio-300x83.jpg 300w\" sizes=\"auto, (max-width: 680px) 100vw, 680px\" \/><\/p>\n<h2>Rodovi\u00e1ria de Macei\u00f3 Real Alagoas<\/h2>\n<p>Comprometimento, excel\u00eancia na presta\u00e7\u00e3o de servi\u00e7os, seguran\u00e7a e conforto s\u00e3o atributos que fazem da<em> Real Alagoas<\/em> a op\u00e7\u00e3o preferencial em transportes coletivos e fretamentos. A Real Alagoas tornou-se uma refer\u00eancia em responsabilidade social, econ\u00f4mica e ambiental, objetivando a satisfa\u00e7\u00e3o de clientes e usu\u00e1rios, bem como se tornou a melhor escolha profissional e a empresa que mais investe em capital humano.<\/p>\n<p>Atuando com profissionalismo e responsabilidade, respeitando, sobretudo os princ\u00edpios \u00e9ticos, a Real Alagoas reafirma o seu compromisso na contribui\u00e7\u00e3o do desenvolvimento socioecon\u00f4mico do Nordeste e a moderniza\u00e7\u00e3o nacional, viabilizando um ambiente de trabalho motivador e saud\u00e1vel.<\/p>\n<h3>Rodovi\u00e1ria de Macei\u00f3 Passagens<\/h3>\n<p>A <span style=\"text-decoration: underline;\">Rodovi\u00e1ria de Macei\u00f3<\/span> oferece linhas rodovi\u00e1rias para diversos estados brasileiros, com grande atua\u00e7\u00e3o em munic\u00edpios como Alagoas, Cear\u00e1, Para\u00edba e outros locais da regi\u00e3o Norte e Nordeste do Brasil. Do terminal partem \u00f4nibus para v\u00e1rios estados brasileiros como Rio de Janeiro, S\u00e3o Paulo, Minas Gerais, Goi\u00e1s, entre outros.<\/p>\n<p>Com boa infraestrutura o local recebe milhares de passageiros diariamente, cerca de 1,7 milh\u00f5es de viajantes por ano.<\/p>\n<p>Abaixo voc\u00ea confere as linhas dispon\u00edveis no\u00a0Terminal Rodovi\u00e1rio de Macei\u00f3\u00a0e que podem ser compradas pela internet:<\/p>\n<ul>\n<li>Arapiraca &#8211; AL<\/li>\n<li>Salvador &#8211; BA<\/li>\n<li>Feira de Santana &#8211; BA<\/li>\n<li>Barreiras &#8211; BA<\/li>\n<li>Seabra &#8211; BA<\/li>\n<li>Lu\u00eds Eduardo Magalh\u00e3es &#8211; BA<\/li>\n<li>Itaberaba &#8211; BA<\/li>\n<li>Ibotirama &#8211; BA<\/li>\n<li>Luis Eduardo Magalhaes &#8211; BA<\/li>\n<li>Seabra &#8211; BA<\/li>\n<li>Santa Maria da Vit\u00f3ria &#8211; BA<\/li>\n<li>Fortaleza &#8211; CE<\/li>\n<li>Aracati &#8211; CE<\/li>\n<li>Bras\u00edlia &#8211; DF<\/li>\n<li>Sobradinho &#8211; DF<\/li>\n<li>Goi\u00e2nia &#8211; GO<\/li>\n<li>Rio Verde &#8211; GO<\/li>\n<li>Jata\u00ed &#8211; GO<\/li>\n<li>Mineiros &#8211; GO<\/li>\n<li>An\u00e1polis &#8211; GO<\/li>\n<li>Santa Rita do Araguaia &#8211; GO<\/li>\n<li>Formosa &#8211; GO<\/li>\n<li>Valpara\u00edso de Goi\u00e1s &#8211; GO<\/li>\n<li>Uberl\u00e2ndia &#8211; MG<\/li>\n<li>Uberaba &#8211; MG<\/li>\n<li>Araguari &#8211; MG<\/li>\n<li>Cuiab\u00e1 &#8211; MT<\/li>\n<li>Rondon\u00f3polis &#8211; MT<\/li>\n<li>Rondon\u00f3polis &#8211; MT<\/li>\n<li>Nova Mutum &#8211; MT<\/li>\n<li>Lucas do Rio Verde &#8211; MT<\/li>\n<li>Sorriso &#8211; MT<\/li>\n<li>Col\u00edder &#8211; MT<\/li>\n<li>Jaciara &#8211; MT<\/li>\n<li>Alto Gar\u00e7as &#8211; MT<\/li>\n<li>Nova Santa Helena &#8211; MT<\/li>\n<li>Alta Floresta &#8211; MT<\/li>\n<li>Jo\u00e3o Pessoa &#8211; PB<\/li>\n<li>Recife &#8211; PE<\/li>\n<li>Caruaru &#8211; PE<\/li>\n<li>Natal &#8211; RN<\/li>\n<li>Mossor\u00f3 &#8211; RN<\/li>\n<li>Apodi &#8211; RN<\/li>\n<li>Aracaju &#8211; SE<\/li>\n<li>S\u00e3o Paulo &#8211; Tiet\u00ea &#8211; SP<\/li>\n<li>Ribeir\u00e3o Preto &#8211; SP<\/li>\n<li>Campinas &#8211; SP<\/li>\n<\/ul>\n<h3>\u00a0Hor\u00e1rio de Funcionamento Rodovi\u00e1ria de Macei\u00f3<\/h3>\n<ul>\n<li>24 horas<\/li>\n<\/ul>\n<h3>Endere\u00e7o e Telefone Rodovi\u00e1ria de Macei\u00f3<\/h3>\n<ul>\n<li>Rodovia Jo\u00e3o Paulo II, s\/n &#8211; Feitosa, Macei\u00f3 &#8211; AL<\/li>\n<li>Telefone: (82) 3221-4615<\/li>\n<\/ul>\n<h3>Outras informa\u00e7\u00f5es e site<\/h3>\n<ul>\n<li>Mais informa\u00e7\u00f5es:\u00a0<a href=\"https:\/\/www.facebook.com\/terminalrodoviariodemaceio\/\" target=\"_blank\" rel=\"noopener noreferrer\">www.facebook.com\/terminalrodoviariodemaceio<\/a><\/li>\n<\/ul>\n<h4>Mapa de localiza\u00e7\u00e3o<\/h4>\n<a class=\"wp-colorbox-iframe\" href=\"https:\/\/www.google.com\/maps\/embed?pb=!1m14!1m8!1m3!1d15733.639248649937!2d-35.7255626!3d-9.6459806!3m2!1i1024!2i768!4f13.1!3m3!1m2!1s0x00x61b23ef56bb39531!2sTerminal+Rodovirio+Joo+Paulo+II!5e0!3m2!1spt-BR!2sbr!4v1504281430382\"><img decoding=\"async\" src=\"http:\/\/www.encontramaceio.com.br\/imgs\/maps-post.png\"><\/a>\n\n<div style=\"font-size: 0px; height: 0px; line-height: 0px; margin: 0; padding: 0; clear: both;\"><\/div>","protected":false},"excerpt":{"rendered":"<p>A Rodovi\u00e1ria de Macei\u00f3 \u00e9 administrada pela empresa SINART. Suas plataformas de embarque oferecem linhas rodovi\u00e1rias com destino a mais de 10 estados brasileiros, com forte atua\u00e7\u00e3o em municpios de Alagoas, Ce\u00e1ra, Para\u00edba, Pernambuco, e outras localidades da regi\u00e3o Norte e Nordeste do Brasil. Com boa infraestrutra, o local recebe milhares de passageiros regulares, no final do m\u00eas. Rodovi\u00e1ria de Macei\u00f3 Real Alagoas Comprometimento, excel\u00eancia na presta\u00e7\u00e3o de servi\u00e7os, seguran\u00e7a e conforto s\u00e3o atributos que fazem da Real Alagoas a op\u00e7\u00e3o preferencial em transportes coletivos e fretamentos. A Real Alagoas tornou-se uma refer\u00eancia em responsabilidade social, econ\u00f4mica e ambiental, objetivando <\/p>\n","protected":false},"author":1,"featured_media":0,"parent":0,"menu_order":0,"comment_status":"closed","ping_status":"closed","template":"","meta":{"footnotes":""},"class_list":["post-791","page","type-page","status-publish","hentry"],"aioseo_notices":[],"_links":{"self":[{"href":"https:\/\/www.encontramaceio.com.br\/sobre\/wp-json\/wp\/v2\/pages\/791","targetHints":{"allow":["GET"]}}],"collection":[{"href":"https:\/\/www.encontramaceio.com.br\/sobre\/wp-json\/wp\/v2\/pages"}],"about":[{"href":"https:\/\/www.encontramaceio.com.br\/sobre\/wp-json\/wp\/v2\/types\/page"}],"author":[{"embeddable":true,"href":"https:\/\/www.encontramaceio.com.br\/sobre\/wp-json\/wp\/v2\/users\/1"}],"replies":[{"embeddable":true,"href":"https:\/\/www.encontramaceio.com.br\/sobre\/wp-json\/wp\/v2\/comments?post=791"}],"version-history":[{"count":6,"href":"https:\/\/www.encontramaceio.com.br\/sobre\/wp-json\/wp\/v2\/pages\/791\/revisions"}],"predecessor-version":[{"id":799,"href":"https:\/\/www.encontramaceio.com.br\/sobre\/wp-json\/wp\/v2\/pages\/791\/revisions\/799"}],"wp:attachment":[{"href":"https:\/\/www.encontramaceio.com.br\/sobre\/wp-json\/wp\/v2\/media?parent=791"}],"curies":[{"name":"wp","href":"https:\/\/api.w.org\/{rel}","templated":true}]}}