{"id":775,"date":"2017-09-01T11:14:34","date_gmt":"2017-09-01T14:14:34","guid":{"rendered":"http:\/\/www.encontramaceio.com.br\/sobre\/?page_id=775"},"modified":"2017-09-01T11:52:09","modified_gmt":"2017-09-01T14:52:09","slug":"aeroporto-de-maceio","status":"publish","type":"page","link":"https:\/\/www.encontramaceio.com.br\/sobre\/aeroporto-de-maceio\/","title":{"rendered":"Aeroporto de Macei\u00f3"},"content":{"rendered":"<div class=\"dcb782f0616bca5484400fea6b37e93d\" data-index=\"1\" style=\"float: none; margin:0px;\">\n<script async src=\"https:\/\/pagead2.googlesyndication.com\/pagead\/js\/adsbygoogle.js?client=ca-pub-8585364105181520\"\r\n     crossorigin=\"anonymous\"><\/script>\r\n<!-- Anuncio display - global -->\r\n<ins class=\"adsbygoogle\"\r\n     style=\"display:block\"\r\n     data-ad-client=\"ca-pub-8585364105181520\"\r\n     data-ad-slot=\"8789329856\"\r\n     data-ad-format=\"auto\"\r\n     data-full-width-responsive=\"true\"><\/ins>\r\n<script>\r\n     (adsbygoogle = window.adsbygoogle || []).push({});\r\n<\/script>\n<\/div>\n<p>O <strong>Aeroporto Internacional de Macei\u00f3<\/strong> &#8211; Zumbi dos Palmares (IATA: MCZ, ICAO: SBMO) est\u00e1 localizado em Rio Largo, no Alagoas, a 22 km do centro de Macei\u00f3. \u00c9 o sexto aeroporto mais movimentado da Regi\u00e3o Nordeste e o quinto aeroporto do nordeste no que se refere ao tamanho do tamanho do terminal de passageiros, atr\u00e1s dos aeroportos de Salvador, Natal, Recife e Fortaleza.<\/p>\n<p>A pista do <strong>Aeroporto de Macei\u00f3<\/strong> de 2.200m foi reformada, com a nova pista de 2.601m tendo sido inaugurada em 16 de setembro de 2005, assim como um novo terminal de passageiros.<\/p>\n<p><img loading=\"lazy\" decoding=\"async\" class=\"alignnone wp-image-777 size-full\" title=\"Aeroporto de Macei\u00f3\" src=\"http:\/\/www.encontramaceio.com.br\/sobre\/wp-content\/uploads\/2017\/09\/aeroporto-de-maceio.jpg\" alt=\"Aeroporto de Macei\u00f3\" width=\"680\" height=\"189\" srcset=\"https:\/\/www.encontramaceio.com.br\/sobre\/wp-content\/uploads\/2017\/09\/aeroporto-de-maceio.jpg 680w, https:\/\/www.encontramaceio.com.br\/sobre\/wp-content\/uploads\/2017\/09\/aeroporto-de-maceio-300x83.jpg 300w\" sizes=\"auto, (max-width: 680px) 100vw, 680px\" \/><\/p>\n<p>Este terminal ( 22.000 m\u00b2 ) segue a tend\u00eancia contempor\u00e2nea de assemelhar os terminais aeroportu\u00e1rios a shopping centers. Possui quatro pontes de embarque com acesso direto \u00e0s aeronaves (fingers), sendo duas com capacidade para acoplagem de grandes aeronaves (inclusive as de categoria NLA &#8211; New Large Aircraft) e o novo sistema de p\u00e1tio das aeronaves pode receber, simultaneamente, at\u00e9 19 avi\u00f5es de grande porte.<\/p>\n<h2>Aeroporto de Macei\u00f3 Aluguel de Carros<\/h2>\n<p>Voc\u00ea pode reservar seu carro em Macei\u00f3 pela internet ou diretamente nos guich\u00eas das empresas. No Aeroporto de Macei\u00f3 voc\u00ea encontrar\u00e1 6 <em>empresas de loca\u00e7\u00e3o de ve\u00edculos<\/em>.<\/p>\n<p>S\u00e3o elas: <em>Localiza, Foco, Movida, Unidas, Alamo e Avis<\/em>. Os pre\u00e7os das di\u00e1rias variam de empresa para empresa e podem ser consultados em sites comparativos de aluguel de carros ou diretamente no site da empresa escolhida para loca\u00e7\u00e3o.<\/p>\n<h3>Aeroporto de Macei\u00f3 T\u00e1xi<\/h3>\n<p>Como em qualquer aeroporto do Brasil, no Aeroporto de Macei\u00f3 voc\u00ea encontrar\u00e1 diversas empresas que oferecem <em>servi\u00e7os de t\u00e1xi<\/em>. Dentro do Aeroporto voc\u00ea conseguir\u00e1, antes de pegar o t\u00e1xi, saber qual o pre\u00e7o final da sua corrida. Basta informar o destino e pagar pelo servi\u00e7o no guich\u00ea da empresa.<\/p>\n<p>J\u00e1 do lado de fora do Aeroporto voc\u00ea encontrar\u00e1 taxistas externos que te cobraram o valor de acordo com o tax\u00edmetro ou valor combinado. Escolha a melhor op\u00e7\u00e3o para voc\u00ea sempre levando em conta sua seguran\u00e7a.<\/p>\n<h3>Aeroporto de Macei\u00f3 Duty Free &#8211; Free Shop<\/h3>\n<p>O Aeroporto Internacional de Macei\u00f3\/Zumbi dos Palmares (AL) ganhou uma loja da Duty Free Americas (DFA). A loja est\u00e1 instalada na sala de embarque nacional.<\/p>\n<p>A DFA comercializa produtos importados rigorosamente selecionados a valores competitivos, como eletr\u00f4nicos, roupas, bebidas, joias, perfumes e cosm\u00e9ticos. Para reservar seus produtos com anteced\u00eancia e obter descontos acesse o <a href=\"http:\/\/dutyfreedufry.com.br\/\" target=\"_blank\" rel=\"noopener noreferrer\">site do Duty Free<\/a>.<\/p>\n<h3>Aeroporto de Macei\u00f3 Cias A\u00e9reas<\/h3>\n<p>Confira as empresas a\u00e9reas operantes no <span style=\"text-decoration: underline;\">Aeroporto Internacional Zumbi dos Palmares<\/span>:<\/p>\n<ul>\n<li>Azul<\/li>\n<li>Gol<\/li>\n<li>LATAM Airlines<\/li>\n<li>American Airlines<\/li>\n<li>Avianca &#8211; Aerov\u00edas Nacionales de Colombia S.A.<\/li>\n<li>Delta Air Lines<\/li>\n<li>United Airlines<\/li>\n<li>TAP Portugal<\/li>\n<li>TAP Portugal<\/li>\n<\/ul>\n<h3>Hor\u00e1rio de Funcionamento Aeroporto de Macei\u00f3<\/h3>\n<ul>\n<li>Funcionamento 24 Horas<\/li>\n<\/ul>\n<h3>Endere\u00e7o e Telefone Aeroporto de Macei\u00f3 Alagoas<\/h3>\n<ul>\n<li><span class=\"_Xbe\">Rodovia BR-104 KM 91, S\/N &#8211; Tabuleiro do Pinto &#8211; Macei\u00f3 &#8211; AL<br \/>\n<\/span><\/li>\n<li>Telefone: (82) 3036-5200<\/li>\n<\/ul>\n<h3>Outras informa\u00e7\u00f5es e site<\/h3>\n<ul>\n<li>Mais informa\u00e7\u00f5es:\u00a0<a href=\"http:\/\/www4.infraero.gov.br\/aeroportos\/aeroporto-internacional-de-maceio-zumbi-dos-palmares\/\" target=\"_blank\" rel=\"noopener noreferrer\">www4.infraero.gov.br\/maceio<\/a><\/li>\n<\/ul>\n<h4>Mapa de localiza\u00e7\u00e3o<\/h4>\n<a class=\"wp-colorbox-iframe\" href=\"https:\/\/www.google.com\/maps\/embed?pb=!1m14!1m8!1m3!1d15739.867585118427!2d-35.7928829!3d-9.5116056!3m2!1i1024!2i768!4f13.1!3m3!1m2!1s0x00xcdb6032e48716fc5!2sAeroporto+Internacional+de+Macei+-+Zumbi+dos+Palmares!5e0!3m2!1spt-BR!2sbr!4v1504274664230\"><img decoding=\"async\" src=\"http:\/\/www.encontramaceio.com.br\/imgs\/maps-post.png\"><\/a>\n\n<div style=\"font-size: 0px; height: 0px; line-height: 0px; margin: 0; padding: 0; clear: both;\"><\/div>","protected":false},"excerpt":{"rendered":"<p>O Aeroporto Internacional de Macei\u00f3 &#8211; Zumbi dos Palmares (IATA: MCZ, ICAO: SBMO) est\u00e1 localizado em Rio Largo, no Alagoas, a 22 km do centro de Macei\u00f3. \u00c9 o sexto aeroporto mais movimentado da Regi\u00e3o Nordeste e o quinto aeroporto do nordeste no que se refere ao tamanho do tamanho do terminal de passageiros, atr\u00e1s dos aeroportos de Salvador, Natal, Recife e Fortaleza. A pista do Aeroporto de Macei\u00f3 de 2.200m foi reformada, com a nova pista de 2.601m tendo sido inaugurada em 16 de setembro de 2005, assim como um novo terminal de passageiros. Este terminal ( 22.000 m\u00b2 <\/p>\n","protected":false},"author":1,"featured_media":0,"parent":0,"menu_order":0,"comment_status":"closed","ping_status":"closed","template":"","meta":{"footnotes":""},"class_list":["post-775","page","type-page","status-publish","hentry"],"aioseo_notices":[],"_links":{"self":[{"href":"https:\/\/www.encontramaceio.com.br\/sobre\/wp-json\/wp\/v2\/pages\/775","targetHints":{"allow":["GET"]}}],"collection":[{"href":"https:\/\/www.encontramaceio.com.br\/sobre\/wp-json\/wp\/v2\/pages"}],"about":[{"href":"https:\/\/www.encontramaceio.com.br\/sobre\/wp-json\/wp\/v2\/types\/page"}],"author":[{"embeddable":true,"href":"https:\/\/www.encontramaceio.com.br\/sobre\/wp-json\/wp\/v2\/users\/1"}],"replies":[{"embeddable":true,"href":"https:\/\/www.encontramaceio.com.br\/sobre\/wp-json\/wp\/v2\/comments?post=775"}],"version-history":[{"count":12,"href":"https:\/\/www.encontramaceio.com.br\/sobre\/wp-json\/wp\/v2\/pages\/775\/revisions"}],"predecessor-version":[{"id":789,"href":"https:\/\/www.encontramaceio.com.br\/sobre\/wp-json\/wp\/v2\/pages\/775\/revisions\/789"}],"wp:attachment":[{"href":"https:\/\/www.encontramaceio.com.br\/sobre\/wp-json\/wp\/v2\/media?parent=775"}],"curies":[{"name":"wp","href":"https:\/\/api.w.org\/{rel}","templated":true}]}}