{"id":647,"date":"2017-08-29T14:47:38","date_gmt":"2017-08-29T17:47:38","guid":{"rendered":"http:\/\/www.encontramaceio.com.br\/sobre\/?page_id=647"},"modified":"2017-08-29T16:04:00","modified_gmt":"2017-08-29T19:04:00","slug":"shopping-patio-maceio-i","status":"publish","type":"page","link":"https:\/\/www.encontramaceio.com.br\/sobre\/shopping-patio-maceio-i\/","title":{"rendered":"Shopping Patio Macei\u00f3"},"content":{"rendered":"<div class=\"dcb782f0616bca5484400fea6b37e93d\" data-index=\"1\" style=\"float: none; margin:0px;\">\n<script async src=\"https:\/\/pagead2.googlesyndication.com\/pagead\/js\/adsbygoogle.js?client=ca-pub-8585364105181520\"\r\n     crossorigin=\"anonymous\"><\/script>\r\n<!-- Anuncio display - global -->\r\n<ins class=\"adsbygoogle\"\r\n     style=\"display:block\"\r\n     data-ad-client=\"ca-pub-8585364105181520\"\r\n     data-ad-slot=\"8789329856\"\r\n     data-ad-format=\"auto\"\r\n     data-full-width-responsive=\"true\"><\/ins>\r\n<script>\r\n     (adsbygoogle = window.adsbygoogle || []).push({});\r\n<\/script>\n<\/div>\n<p>O <strong>Shopping P\u00e1tio Macei\u00f3<\/strong> \u00e9 um grande centro de compras, lazer, cultura, gastronomia e neg\u00f3cios. O seu p\u00fablico frequentador j\u00e1 ultrapassa os 700 mil consumidores ao m\u00eas. O P\u00e1tio Macei\u00f3 conta com 13 lojas-\u00e2ncoras de nomes reconhecidos nacionalmente, 10 megalojas, parques de divers\u00f5es, \u00e1rea de lazer e amplas salas de cinema, que levam a assinatura do Centerplex.<\/p>\n<p>A educa\u00e7\u00e3o tamb\u00e9m est\u00e1 presente no melhor empreendimento da regi\u00e3o do Tabuleiro do Martins. A Faculdade Pit\u00e1goras \u00e9 uma das maiores institui\u00e7\u00f5es de ensino superior do pa\u00eds. A unidade tem capacidade para atender 5 mil alunos e oferece cursos presenciais de n\u00edveis superior e tecnol\u00f3gico.<\/p>\n<p><img loading=\"lazy\" decoding=\"async\" class=\"alignnone wp-image-659 size-full\" title=\"Shopping Patio Macei\u00f3\" src=\"http:\/\/www.encontramaceio.com.br\/sobre\/wp-content\/uploads\/2017\/08\/shopping-patio-maceio-1.jpg\" alt=\"Shopping Patio Macei\u00f3\" width=\"680\" height=\"189\" srcset=\"https:\/\/www.encontramaceio.com.br\/sobre\/wp-content\/uploads\/2017\/08\/shopping-patio-maceio-1.jpg 680w, https:\/\/www.encontramaceio.com.br\/sobre\/wp-content\/uploads\/2017\/08\/shopping-patio-maceio-1-300x83.jpg 300w\" sizes=\"auto, (max-width: 680px) 100vw, 680px\" \/><\/p>\n<h2>Shopping Patio Macei\u00f3 Centerplex<\/h2>\n<p>O <strong>Shopping Patio Macei\u00f3 Centerplex<\/strong>\u00a0conta com oito salas de cinema \u2013 sendo duas em 3D e uma mista: cinema e teatro.\u00a0 No\u00a0<a href=\"http:\/\/www.patioshoppingmaceio.com.br\/cinema.php\" target=\"_blank\" rel=\"noopener noreferrer\">site do Shopping Patio Macei\u00f3<\/a>\u00a0voc\u00ea confere os filmes que est\u00e3o em cartaz, hor\u00e1rios e valores das sess\u00f5es. Acesse e confira!<\/p>\n<h3>Shopping Patio Macei\u00f3 Cinemas e\u00a0Lojas<\/h3>\n<p>O <strong>Shopping Patio Macei\u00f3<\/strong>\u00a0conta com mais de 100 lojas. As lojas variam desde Acess\u00f3rios Diversos, Acess\u00f3rios para Celular at\u00e9 Bolsas e Acess\u00f3rios e Perfumaria e Cosm\u00e9ticos. \u00c9 poss\u00edvel consultar no site do Shopping P\u00e1tio Cian\u00ea todas as lojas.<\/p>\n<h3>\u00a0Vagas Shopping Patio Macei\u00f3 &#8211; Trabalhe Conosco<\/h3>\n<p>O Shopping Patio Macei\u00f3 disponibiliza vagas de trabalho durante todo ano. Para se informar sobre os processos seletivos e se candidatar as vagas acompanhe o site da empresa, onde \u00e9 poss\u00edvel se informar sobre vagas abertas, sal\u00e1rios e compet\u00eancias necess\u00e1rias para se candidatar ao processo.<\/p>\n<h3>Hor\u00e1rio de Funcionamento Shopping Patio Macei\u00f3<\/h3>\n<ul>\n<li>Segunda a Sexta: das 08h \u00e0s 22h30<\/li>\n<\/ul>\n<h3>Endere\u00e7o e Telefone Shopping Patio Macei\u00f3<\/h3>\n<ul>\n<li>Shopping P\u00e1tio Macei\u00f3 &#8211; Av. Menino Marcelo, 3800 &#8211; Cidade Universit\u00e1ria<\/li>\n<li>Telefone: (82) 3029-9136<\/li>\n<\/ul>\n<h3>Outras informa\u00e7\u00f5es e site<\/h3>\n<ul>\n<li>Mais informa\u00e7\u00f5es:\u00a0<a href=\"http:\/\/www.patioshoppingmaceio.com.br\/\" target=\"_blank\" rel=\"noopener noreferrer\">www.patioshoppingmaceio.com.br<\/a><\/li>\n<\/ul>\n<h4>Mapa de localiza\u00e7\u00e3o<\/h4>\n<a class=\"wp-colorbox-iframe\" href=\"https:\/\/www.google.com\/maps\/embed?pb=!1m14!1m8!1m3!1d15737.715475818746!2d-35.7462304!3d-9.5582485!3m2!1i1024!2i768!4f13.1!3m3!1m2!1s0x00xfc25f85ef478c0c8!2sCenterplex!5e0!3m2!1spt-BR!2sbr!4v1503931131893\"><img decoding=\"async\" src=\"http:\/\/www.encontramaceio.com.br\/imgs\/maps-post.png\"><\/a>\n\n<div style=\"font-size: 0px; height: 0px; line-height: 0px; margin: 0; padding: 0; clear: both;\"><\/div>","protected":false},"excerpt":{"rendered":"<p>O Shopping P\u00e1tio Macei\u00f3 \u00e9 um grande centro de compras, lazer, cultura, gastronomia e neg\u00f3cios. O seu p\u00fablico frequentador j\u00e1 ultrapassa os 700 mil consumidores ao m\u00eas. O P\u00e1tio Macei\u00f3 conta com 13 lojas-\u00e2ncoras de nomes reconhecidos nacionalmente, 10 megalojas, parques de divers\u00f5es, \u00e1rea de lazer e amplas salas de cinema, que levam a assinatura do Centerplex. A educa\u00e7\u00e3o tamb\u00e9m est\u00e1 presente no melhor empreendimento da regi\u00e3o do Tabuleiro do Martins. A Faculdade Pit\u00e1goras \u00e9 uma das maiores institui\u00e7\u00f5es de ensino superior do pa\u00eds. A unidade tem capacidade para atender 5 mil alunos e oferece cursos presenciais de n\u00edveis superior <\/p>\n","protected":false},"author":1,"featured_media":659,"parent":0,"menu_order":0,"comment_status":"closed","ping_status":"closed","template":"","meta":{"footnotes":""},"class_list":["post-647","page","type-page","status-publish","has-post-thumbnail","hentry","has_thumb"],"aioseo_notices":[],"_links":{"self":[{"href":"https:\/\/www.encontramaceio.com.br\/sobre\/wp-json\/wp\/v2\/pages\/647","targetHints":{"allow":["GET"]}}],"collection":[{"href":"https:\/\/www.encontramaceio.com.br\/sobre\/wp-json\/wp\/v2\/pages"}],"about":[{"href":"https:\/\/www.encontramaceio.com.br\/sobre\/wp-json\/wp\/v2\/types\/page"}],"author":[{"embeddable":true,"href":"https:\/\/www.encontramaceio.com.br\/sobre\/wp-json\/wp\/v2\/users\/1"}],"replies":[{"embeddable":true,"href":"https:\/\/www.encontramaceio.com.br\/sobre\/wp-json\/wp\/v2\/comments?post=647"}],"version-history":[{"count":5,"href":"https:\/\/www.encontramaceio.com.br\/sobre\/wp-json\/wp\/v2\/pages\/647\/revisions"}],"predecessor-version":[{"id":660,"href":"https:\/\/www.encontramaceio.com.br\/sobre\/wp-json\/wp\/v2\/pages\/647\/revisions\/660"}],"wp:featuredmedia":[{"embeddable":true,"href":"https:\/\/www.encontramaceio.com.br\/sobre\/wp-json\/wp\/v2\/media\/659"}],"wp:attachment":[{"href":"https:\/\/www.encontramaceio.com.br\/sobre\/wp-json\/wp\/v2\/media?parent=647"}],"curies":[{"name":"wp","href":"https:\/\/api.w.org\/{rel}","templated":true}]}}