{"id":375,"date":"2017-06-08T10:52:23","date_gmt":"2017-06-08T13:52:23","guid":{"rendered":"http:\/\/www.encontramaceio.com.br\/noticias\/?page_id=375"},"modified":"2026-02-06T13:42:20","modified_gmt":"2026-02-06T16:42:20","slug":"sobre-maceio","status":"publish","type":"page","link":"https:\/\/www.encontramaceio.com.br\/sobre\/","title":{"rendered":"Sobre Macei\u00f3"},"content":{"rendered":"<div class=\"dcb782f0616bca5484400fea6b37e93d\" data-index=\"1\" style=\"float: none; margin:0px;\">\n<script async src=\"https:\/\/pagead2.googlesyndication.com\/pagead\/js\/adsbygoogle.js?client=ca-pub-8585364105181520\"\r\n     crossorigin=\"anonymous\"><\/script>\r\n<!-- Anuncio display - global -->\r\n<ins class=\"adsbygoogle\"\r\n     style=\"display:block\"\r\n     data-ad-client=\"ca-pub-8585364105181520\"\r\n     data-ad-slot=\"8789329856\"\r\n     data-ad-format=\"auto\"\r\n     data-full-width-responsive=\"true\"><\/ins>\r\n<script>\r\n     (adsbygoogle = window.adsbygoogle || []).push({});\r\n<\/script>\n<\/div>\n<h1>Limites &#8211; Cidades Vizinhas<\/h1>\n<p>Barra de Santo Ant\u00f4nio, Paripueira, Rio Largo, Satuba, Santa Luzia do Norte, Coqueiro Seco, Marechal Deodoro e S\u00e3o Lu\u00eds do Quitunde<\/p>\n<h4>Dados Principais sobre Macei\u00f3<\/h4>\n<p>Anivers\u00e1rio: 09 de Dezembro<br \/>\nFunda\u00e7\u00e3o: 1815<br \/>\nGent\u00edlico: Maceioense<br \/>\nArea: 510,655 Km\u00b2<br \/>\nPopula\u00e7\u00e3o: 1.013.773 hab. (2015)<br \/>\nIDH: 0,735 &#8211; alto<br \/>\n<a href=\"https:\/\/www.cartoriosdobrasil.org\/cidade\/maceio\" target=\"_blank\" rel=\"noopener\">Cart\u00f3rios 18 unidades<\/a><br \/>\n<a href=\"https:\/\/www.prefeiturademaceio.org\" target=\"_blank\" rel=\"noopener noreferrer\">Prefeitura Macei\u00f3<\/a><\/p>\n<h2>Hist\u00f3ria de Macei\u00f3<\/h2>\n<p><img decoding=\"async\" class=\"aligncenter size-full wp-image-376\" src=\"https:\/\/www.encontramaceio.com.br\/sobre\/wp-content\/uploads\/2017\/06\/cidade-de-maceio.jpg\" alt=\"\" width=\"100%\" height=\"198\" srcset=\"https:\/\/www.encontramaceio.com.br\/sobre\/wp-content\/uploads\/2017\/06\/cidade-de-maceio.jpg 565w, https:\/\/www.encontramaceio.com.br\/sobre\/wp-content\/uploads\/2017\/06\/cidade-de-maceio-300x105.jpg 300w\" sizes=\"(max-width: 565px) 100vw, 565px\" \/><\/p>\n<p><strong>Macei\u00f3<\/strong> \u00e9 uma cidade brasileira e a capital do estado de Alagoas. Pertence \u00e0 mesorregi\u00e3o do Leste Alagoano e \u00e0 microrregi\u00e3o de Macei\u00f3, localizada na Nordeste do pa\u00eds. Ocupa uma \u00e1rea de 510 655 km\u00b2 sua popula\u00e7\u00e3o em 2011 estimada pelo IBGE \u00e9 de 936 608 habitantes e um territ\u00f3rio de, aproximadamente, 503 km\u00b2. Integra, com outros dez munic\u00edpios, a Regi\u00e3o Metropolitana de Macei\u00f3, totalizando cerca de 1.160.393 milh\u00e3o de habitantes, sendo o mais populoso de Alagoas o 17\u00ba de todo o pa\u00eds e o 73\u00ba do continente americano.<\/p>\n<p>a cidade tem uma temperatura m\u00e9dia anual de 25\u00ba at\u00e9 29\u00b0C e na vegeta\u00e7\u00e3o original do munic\u00edpio pode-se observar a presen\u00e7a de herb\u00e1ceas (gram\u00edneas) e arbustivas (poucas \u00e1rvores e espa\u00e7adas). Com uma taxa de urbaniza\u00e7\u00e3o da ordem de 99,75% e o seu \u00cdndice de Desenvolvimento Humano (IDH) \u00e9 de 0,735, considerado m\u00e9dio pelo PNUD e o primeiro do estado.<\/p>\n<p>Faz divisa com cidades como Rio Largo, Satuba, Marechal Deodoro, S\u00e3o Lu\u00eds do Quitunde entre outras \u00e0s quais \u00e9 ligada pelas BR-101, BR-104, BR-316 e AL 101, Macei\u00f3 \u00e9 a principal cidade do estado, e atualmente vive um intenso crescimento econ\u00f4mico e de infraestrutura sendo uma cidade considerada capital regionais A, segundo a Hierarquia urbana do Brasil. \u00c9 o maior produtor de sal-gema e seu setor industrial diversificado (ind\u00fastrias qu\u00edmicas, a\u00e7ucareiras e de \u00e1lcool, de cimento e aliment\u00edcias), al\u00e9m da agricultura, pecu\u00e1ria e extra\u00e7\u00e3o de g\u00e1s natural e petr\u00f3leo. Possui o maior PIB do estado com 9 143 488,000 mil e o 41\u00ba maior do pa\u00eds.<\/p>\n<p>As festividades realizadas na cidade anualmente, atraem uma enorme quantidade de turistas, como o Macei\u00f3 Forr\u00f3 e Folia, Macei\u00f3 Music Festival e o extinto evento carnavalesco do Brasil o Macei\u00f3 Fest, al\u00e9m de suas festas de natal e r\u00e9veillons como o R\u00e9veillons Absoluto e R\u00e9veillon Celebration. Conta com importantes monumentos, museus, como o Museu Pal\u00e1cio Floriano Peixoto, o Museu Th\u00e9o Brand\u00e3o, o Teatro Deodoro. Foi desmembrada em 1839 da antiga Vila de Santa Maria Madalena da Alagoa do Sul, atual cidade de Marechal Deodoro. Sempre conhecida como &#8220;Cidade sorriso&#8221; e &#8220;Para\u00edso das \u00e1guas&#8221;, hoje \u00e9 considerada como &#8220;Caribe brasileiro&#8221; devido as suas belezas naturais que atraem turistas de todo o mundo trazendo grandes neg\u00f3cios para o munic\u00edpio.<\/p>\n<h2>Economia<\/h2>\n<p>O munic\u00edpio \u00e9 rico em sal-gema e tem um setor industrial diversificado (ind\u00fastrias qu\u00edmicas, a\u00e7ucareiras e de \u00e1lcool, de cimento e aliment\u00edcias), al\u00e9m da agricultura, pecu\u00e1ria e extra\u00e7\u00e3o de g\u00e1s natural e petr\u00f3leo.<\/p>\n<p>Munic\u00edpios pr\u00f3ximos a Macei\u00f3, como Marechal Deodoro, Pilar e S\u00e3o Miguel dos Campos tamb\u00e9m t\u00eam economias parecidas, mais na parte de minera\u00e7\u00e3o &#8211; G\u00e1s Natural e petr\u00f3leo. Alagoas \u00e9 um dos maiores produtores de g\u00e1s natural do Brasil.<\/p>\n<p>Em 2004, o PIB da capital girava em torno de 6,7 bilh\u00f5es de reais, \u00e0 \u00e9poca o quinto maior entre as capitais da Regi\u00e3o Nordeste, n\u00famero significativo que mereceu destaque por ter vindo antes do &#8220;boom&#8221; do com\u00e9rcio e turismo em Macei\u00f3, que ocorreu com a abertura de diversos hipermercados, hot\u00e9is, de um centro de conven\u00e7\u00f5es e do novo Aeroporto Internacional Zumbi dos Palmares. A expectativa \u00e9 de que os pr\u00f3ximos n\u00fameros sejam ainda mais animadores. Em 2010, o \u00edndice de potencial de consumo da capital alagoana (0,52977) apresenta a quarta posi\u00e7\u00e3o entre as cidades nordestinas e a vig\u00e9sima posi\u00e7\u00e3o entre todos os munic\u00edpios brasileiros (fonte: Target consultoria).<br \/>\nMesmo sendo bastante urbanizada, o munic\u00edpio possui muitas \u00e1reas desocupadas, principalmente na Zona Norte, surgindo espa\u00e7o para a cria\u00e7\u00e3o de grandes canaviais, como o que existe no bairro do Benedito Bentes.<\/p>\n<p>O setor prim\u00e1rio da economia encontra-se apoiado na monocultura da cana-de-a\u00e7\u00facar e ocupa quase toda \u00e1rea rural do munic\u00edpio. Contudo, a sua participa\u00e7\u00e3o na produ\u00e7\u00e3o, \u00e1rea colhida e economia n\u00e3o \u00e9 considerada representativa, expressando-se em apenas 0,02% do total estadual (ALAGOAS, 2002).<\/p>\n<p>No litoral principalmente, e em algumas \u00e1reas isoladas dos tabuleiros e das encostas, destaca se o coqueiro e algumas culturas de pomar como o cajueiro, a mangueira e a jaqueira.<\/p>\n<p>Os dados contidos no Censo Agropecu\u00e1rio do IBGE 1995\/1996 demonstram pouca diversifica\u00e7\u00e3o do setor produtivo.<\/p>\n<p>Com rela\u00e7\u00e3o \u00e0 utiliza\u00e7\u00e3o das terras para fins agr\u00edcolas, verifica-se um total de 17.715 hectares, onde 10.036 hectares (56,65%) s\u00e3o lavouras permanentes e tempor\u00e1rias, 590 hectares (3,33%) s\u00e3o pastagens naturais e artificiais, 4.303 hectares (24,29%) s\u00e3o matas naturais e\/ou plantadas, 2.075 hectares (11,71%) s\u00e3o lavouras em descanso e produtivas n\u00e3o utilizadas e 711 hectares (4,02%) s\u00e3o outros (aglomera\u00e7\u00f5es humanas).<\/p>\n<p>A agricultura de subsist\u00eancia tamb\u00e9m pode ser achada na Zona Norte, v\u00e1rias fam\u00edlias pequenas desta localidade produzem o que consomem, em suas propriedades familiares.<br \/>\nAs ind\u00fastrias instaladas no munic\u00edpio t\u00eam pouca representatividade e influ\u00eancia na economia nacional. N\u00e3o obstante, a capital alagoana destaca-se, no estado, como principal centro industrial, notadamente nos setores qu\u00edmico, aliment\u00edcio, metal\u00fargico e de pl\u00e1sticos. A cidade conta com mais de 1.280 estabelecimentos industriais (fonte: IBGE\/Cidades 2006).<\/p>\n<p>A <a title=\"Cidade de Macei\u00f3\" href=\"https:\/\/www.encontramaceio.com.br\/\">Cidade de Macei\u00f3<\/a> conta com um polo cloroqu\u00edmico, que abriga a maior empresa instalada no estado, a Braskem (exploradora e beneficiadora de sal-gema), e pelo Distrito Industrial Luiz Cavalcante, localizados, respectivamente, nos bairros do Pontal da Barra e Tabuleiro do Martins. Recentemente reformado, o Distrito Industrial Luiz Cavalcante (agora denominado Polo Multissetorial Governador Luiz Cavalcante) recebeu, nos \u00faltimos meses, melhorias estruturais importantes, como p\u00f3rticos de entrada e de sa\u00edda, 6 km de ruas pavimentadas, 4,5 km de linhas d&#8217;\u00e1gua e 3 km de ciclovia, o que fez aumentar o interesse de diversas empresas em instalar-se na localidade. Diversos estabelecimentos industriais j\u00e1 est\u00e3o ampliando ou construindo novas unidades na \u00e1rea.<\/p>\n<p>Apesar de ter sofrido graves crises no in\u00edcio da d\u00e9cada de 2000, tanto pela recess\u00e3o impregnada no pa\u00eds, como pela aus\u00eancia de riquezas geradas e empregadas na capital advindas da agropecu\u00e1ria e de ind\u00fastrias, o com\u00e9rcio de Macei\u00f3 passa por um grande momento desde 2005. Diversos estabelecimentos v\u00eam sendo abertos ou ampliados na cidade, como hot\u00e9is, restaurantes, hipermercados, atacadistas e shopping centers.<br \/>\nComo na maioria das grandes cidades brasileiras, percebe-se um crescimento significativo, nos \u00faltimos anos, em Macei\u00f3, de um \u201cquarto setor\u201d produtivo: o com\u00e9rcio informal, ainda n\u00e3o devidamente regulamentado.<\/p>\n<h2>Turismo<\/h2>\n<p>Outro ponto forte na economia do munic\u00edpio \u00e9 o turismo, pois Macei\u00f3 possui um grande potencial de atrair turistas, por suas belezas naturais e grande diversidade cultural, al\u00e9m de oferecer v\u00e1rias op\u00e7\u00f5es de lazer e espa\u00e7os modernos para neg\u00f3cios, tais como o novo Centro Cultural e de Exposi\u00e7\u00f5es de Macei\u00f3, no bairro de Jaragu\u00e1. Em setembro de 2005, foi inaugurado o Aeroporto Internacional Zumbi dos Palmares, um dos mais modernos do Brasil. O bairro de Jaragu\u00e1 foi muito frequentado durante o fim dos anos 90, com grandes investimentos da prefeitura de Macei\u00f3, hoje em dia \u00e9 apenas um bairro comercial, dotado de bancos, museus e faculdades.<\/p>\n<p>Em 2009 o Nordeste Invest, o mais importante evento de investimentos tur\u00edsticos e imobili\u00e1rios do Brasil,re\u00fane os mais importantes nomes dos setores imobili\u00e1rio e tur\u00edstico do Brasil e da Europa e prospecta mais de mais de R$ 450 milh\u00f5es em neg\u00f3cios.<\/p>\n<p>No ano de 2011 e in\u00edcio de 2012os hot\u00e9is no munic\u00edpio est\u00e3o com 100% de ocupa\u00e7\u00e3o, com o projeto Viva Ver\u00e3o uma iniciativa da Secretaria Municipal de Esporte e Lazer (Semel) em parceria Servi\u00e7o Social do Com\u00e9rcio (Sesc) pretendem realizar atividades esportivas e de lazer, incentivando o turismo e o esporte.<\/p>\n<p>A temporada de cruzeiros 2011\/2012 em <a title=\"Macei\u00f3\" href=\"https:\/\/www.encontramaceio.com.br\/\">Macei\u00f3<\/a> come\u00e7ou em novembro do ano passado e se estender\u00e1 at\u00e9 mar\u00e7o deste ano, trazendo cerca de 100 mil cruzeiristas em toda a temporada. Macei\u00f3 receber\u00e1 os transatl\u00e2nticos Costa Fortuna, Costa M\u00e1gica, Costa Pac\u00edfica, Grand Celebration, Grand Holiday, Grand Mistral, MSC M\u00fasica, MSC Orchestra, Ocean Dream, Splendour Of The Seas, Crystal Synphony, Artania e o Victoria, sendo um recorde para a cidade. Em 2011, foram apenas sete navios para a cidade.<\/p>\n<h2>Planejamento urbano<\/h2>\n<p>As sucessivas administra\u00e7\u00f5es municipais n\u00e3o t\u00eam conseguido superar as limita\u00e7\u00f5es estruturais, de ordem administrativa e financeira, para realizar investimentos na qualifica\u00e7\u00e3o e adequa\u00e7\u00e3o do espa\u00e7o urbano, os maiores investimentos est\u00e3o voltados as regi\u00f5es litor\u00e2neas \u00e1reas de maior interesse tur\u00edstico e nos pontos de maior fluxo de pedestres. Planos ligados ao urbanismo e ao planejamento urbano que foram tra\u00e7ados na administra\u00e7\u00f5es de Cicero Almeida. Por\u00e9m, de uma forma geral, a cidade constituiu-se ao longo do s\u00e9culo XX, saltando de vila \u00e0 cidade regional A, por meio de uma s\u00e9rie de processos informais ou irregulares de expans\u00e3o urbana. Desta forma, Macei\u00f3 difere consideravelmente de cidades brasileiras como Belo Horizonte e Goi\u00e2nia, cuja expans\u00e3o inicial seguiu determina\u00e7\u00f5es de um plano e de um projeto urbano original, ou de uma cidade como Bras\u00edlia, cujo plano piloto fora inteiramente desenhado previamente \u00e0 constru\u00e7\u00e3o da cidade.<\/p>\n<p>Muitos estudiosos e urbanistas alegam que tais planos foram produzidos visando o benef\u00edcio exclusivo das camadas mais abastadas da popula\u00e7\u00e3o, enquanto as camadas populares ficariam relegadas aos processos informais tradicionais.<\/p>\n<h2>Cultura<\/h2>\n<p>Macei\u00f3 tem uma cultura marcante, representada principalmente pelo seu rico folclore, al\u00e9m, claro, de seus artistas, escritores e m\u00fasicos tal qual Djavan, Hermeto Pascoal, Graciliano Ramos, Jorge de Lima. Dentre as manifesta\u00e7\u00f5es folcl\u00f3ricas h\u00e1 os folguedos, tais como: Caboclinho, Carvalhada, Chegan\u00e7a, Coco Alagoano, Festa de Reis, Guerreiro, Pastoril, Reisado, Quilombo, Zabumba, e, tamb\u00e9m, o artesanato representado pelo fil\u00e9 e pela cer\u00e2mica que encanta a todos por sua criatividade, originalidade e beleza.<\/p>\n<p>A cidade conta com v\u00e1rios locais de comercializa\u00e7\u00e3o de sua cultura e artesanato,Macei\u00f3 em 2002 foi escolhida como a capital da cultura,como a Feirinha da Paju\u00e7ara, Feirinha do Mercado, este que ap\u00f3s um inc\u00eandio em dezembro de 2005, foi transferido da Jati\u00faca para a Ponta Verde e agora est\u00e1 localizado em Jaragu\u00e1, com o nome de Artesanato dos Guerreiros ao lado do Memorial da Rep\u00fablica.<\/p>\n<p>Em 2002 foi a Capital Americana da Cultura, a primeira cidade do Brasil selecionada.<\/p>\n<h2>M\u00fasica<\/h2>\n<p>O munic\u00edpio possui e possuiu grandes eventos da m\u00fasica como o extinto Macei\u00f3 Fest, evento carnavalesco mais conhecido de Macei\u00f3, e hoje o Macei\u00f3 Music Festival (conhecido tamb\u00e9m como MMF) em seu primeiro dia vendou mil ingren\u00e7os em sete horas. Com uma proposta in\u00e9dita, Macei\u00f3 Music Festival foi criado para inserir Alagoas no calend\u00e1rio dos importantes eventos nacionais.<\/p>\n<p>Existem tamb\u00e9m festivais de m\u00fasica alternativa como: Festival Maionese, Grito Rock, Festival LAB, InTR3Sess\u00f5es e Natal Obl\u00edquo. O Festival Maionese, criado em 2005, acontece todo ano com bandas locais e nacionais de m\u00fasica alternativa independente.<\/p>\n<h2>Esportes<\/h2>\n<p>A cidade possui um dos mais famosos est\u00e1dios do Brasil, o Est\u00e1dio Rei Pel\u00e9, conhecido popularmente como &#8220;Trapich\u00e3o&#8221;, com capacidade para 20 mil torcedores, com uma infraestrutura completa para futebol, atletismo e transmiss\u00e3o de jogos por TV ou r\u00e1dio. Atualmente Macei\u00f3 tem dois grandes times de futebol, o Centro Sportivo Alagoano ou CSA com o maior n\u00famero de t\u00edtulos do Campeonato Alagoano de Futebol profissional com 37 t\u00edtulos e dono da maior torcida do estado de Alagoas, com sede no bairro do Mutange e o Clube de Regatas Brasil ou CRB que representar\u00e1 o estado na S\u00e9rie B 2012, com sede no bairro da Paju\u00e7ara.<\/p>\n<p>Quando estes dois times se encontram, acontece o &#8220;cl\u00e1ssico das multid\u00f5es&#8221;, como \u00e9 conhecido o maior cl\u00e1ssico do futebol alagoano. Evento este que movimenta a cidade durante a semana que antecede a partida e para a mesma quando o dia do jogo chega.<\/p>\n<p>Al\u00e9m do futebol Macei\u00f3 realizou em 2011 a I Paraolimp\u00edada de Macei\u00f3, cujo seu objetivo \u00e9 reunir os atletas portadores de alguma necessidade especial, incentivando a pr\u00e1tica de exerc\u00edcios f\u00edsicos, a abertura ocorreu no Gin\u00e1sio Tenente Madalena, no bairro da Cambona, a olimp\u00edada \u00e9 apoiada pela Secretaria Municipal de Esporte e Lazer.<\/p>\n<p>Outros esportes se destacam na cidade como o Rugby onde a equipe C\u00e3es da Areia Rugby Clube conquistaram o segundo e o terceiro lugar no Nordeste Sevens em 2008 e terceiro lugar no Campeonato Nordestino de Rugby em 2009 a nata\u00e7\u00e3o, atletismo, ciclismo, surf tamb\u00e9m s\u00e3o muito praticados na cidade.<\/p>\n<p>Para homenagear a comunidade de moradores desta maravilhosa cidade, o <a title=\"Encontra Alagoas\" href=\"https:\/\/encontraalagoas.com.br\/\" target=\"_blank\" rel=\"noopener noreferrer\">Encontra Alagoas<\/a> criou o <a title=\"Encontra Macei\u00f3\" href=\"https:\/\/www.encontramaceio.com.br\/\" target=\"_blank\" rel=\"noopener noreferrer\">Encontra Macei\u00f3<\/a>.<\/p>\n\n<div style=\"font-size: 0px; height: 0px; line-height: 0px; margin: 0; padding: 0; clear: both;\"><\/div>","protected":false},"excerpt":{"rendered":"<p>Limites &#8211; Cidades Vizinhas Barra de Santo Ant\u00f4nio, Paripueira, Rio Largo, Satuba, Santa Luzia do Norte, Coqueiro Seco, Marechal Deodoro e S\u00e3o Lu\u00eds do Quitunde Dados Principais sobre Macei\u00f3 Anivers\u00e1rio: 09 de Dezembro Funda\u00e7\u00e3o: 1815 Gent\u00edlico: Maceioense Area: 510,655 Km\u00b2 Popula\u00e7\u00e3o: 1.013.773 hab. (2015) IDH: 0,735 &#8211; alto Cart\u00f3rios 18 unidades Prefeitura Macei\u00f3 Hist\u00f3ria de Macei\u00f3 Macei\u00f3 \u00e9 uma cidade brasileira e a capital do estado de Alagoas. Pertence \u00e0 mesorregi\u00e3o do Leste Alagoano e \u00e0 microrregi\u00e3o de Macei\u00f3, localizada na Nordeste do pa\u00eds. Ocupa uma \u00e1rea de 510 655 km\u00b2 sua popula\u00e7\u00e3o em 2011 estimada pelo IBGE \u00e9 de <\/p>\n","protected":false},"author":1,"featured_media":0,"parent":0,"menu_order":0,"comment_status":"closed","ping_status":"closed","template":"","meta":{"footnotes":""},"class_list":["post-375","page","type-page","status-publish","hentry"],"aioseo_notices":[],"_links":{"self":[{"href":"https:\/\/www.encontramaceio.com.br\/sobre\/wp-json\/wp\/v2\/pages\/375","targetHints":{"allow":["GET"]}}],"collection":[{"href":"https:\/\/www.encontramaceio.com.br\/sobre\/wp-json\/wp\/v2\/pages"}],"about":[{"href":"https:\/\/www.encontramaceio.com.br\/sobre\/wp-json\/wp\/v2\/types\/page"}],"author":[{"embeddable":true,"href":"https:\/\/www.encontramaceio.com.br\/sobre\/wp-json\/wp\/v2\/users\/1"}],"replies":[{"embeddable":true,"href":"https:\/\/www.encontramaceio.com.br\/sobre\/wp-json\/wp\/v2\/comments?post=375"}],"version-history":[{"count":11,"href":"https:\/\/www.encontramaceio.com.br\/sobre\/wp-json\/wp\/v2\/pages\/375\/revisions"}],"predecessor-version":[{"id":3413,"href":"https:\/\/www.encontramaceio.com.br\/sobre\/wp-json\/wp\/v2\/pages\/375\/revisions\/3413"}],"wp:attachment":[{"href":"https:\/\/www.encontramaceio.com.br\/sobre\/wp-json\/wp\/v2\/media?parent=375"}],"curies":[{"name":"wp","href":"https:\/\/api.w.org\/{rel}","templated":true}]}}