{"id":2047,"date":"2019-02-15T16:44:08","date_gmt":"2019-02-15T18:44:08","guid":{"rendered":"https:\/\/www.encontramaceio.com.br\/sobre\/?page_id=2047"},"modified":"2019-02-15T17:39:15","modified_gmt":"2019-02-15T19:39:15","slug":"serasa-maceio","status":"publish","type":"page","link":"https:\/\/www.encontramaceio.com.br\/sobre\/serasa-maceio\/","title":{"rendered":"Serasa Macei\u00f3"},"content":{"rendered":"<div class=\"dcb782f0616bca5484400fea6b37e93d\" data-index=\"1\" style=\"float: none; margin:0px;\">\n<script async src=\"https:\/\/pagead2.googlesyndication.com\/pagead\/js\/adsbygoogle.js?client=ca-pub-8585364105181520\"\r\n     crossorigin=\"anonymous\"><\/script>\r\n<!-- Anuncio display - global -->\r\n<ins class=\"adsbygoogle\"\r\n     style=\"display:block\"\r\n     data-ad-client=\"ca-pub-8585364105181520\"\r\n     data-ad-slot=\"8789329856\"\r\n     data-ad-format=\"auto\"\r\n     data-full-width-responsive=\"true\"><\/ins>\r\n<script>\r\n     (adsbygoogle = window.adsbygoogle || []).push({});\r\n<\/script>\n<\/div>\n<p>Presente h\u00e1 50 anos no mercado brasileiro, a Serasa Experian \u00e9 respons\u00e1vel pela maior base de dados da Am\u00e9rica Latina e oferece os relat\u00f3rios mais precisos e eficazes do mercado.<\/p>\n<p>O <strong>Serasa Macei\u00f3<\/strong> apoia empresas e consumidores em suas decis\u00f5es de cr\u00e9dito e oferece solu\u00e7\u00f5es para gest\u00e3o de riscos, marketing e certifica\u00e7\u00e3o digital.<\/p>\n<p><img loading=\"lazy\" decoding=\"async\" class=\"aligncenter wp-image-2049 size-full\" title=\"Serasa Macei\u00f3\" src=\"https:\/\/www.encontramaceio.com.br\/sobre\/wp-content\/uploads\/2019\/02\/serasa-maceio.jpg\" alt=\"Serasa Macei\u00f3\" width=\"680\" height=\"189\" srcset=\"https:\/\/www.encontramaceio.com.br\/sobre\/wp-content\/uploads\/2019\/02\/serasa-maceio.jpg 680w, https:\/\/www.encontramaceio.com.br\/sobre\/wp-content\/uploads\/2019\/02\/serasa-maceio-300x83.jpg 300w\" sizes=\"auto, (max-width: 680px) 100vw, 680px\" \/><\/p>\n<p>Desde 2007 \u00e9 parte do grupo Experian, a maior refer\u00eancia mundial em servi\u00e7os de informa\u00e7\u00e3o. Por meio das solu\u00e7\u00f5es tecnol\u00f3gicas e inovadoras, amplia oportunidades para pessoas e empresas e trabalha para criar um amanh\u00e3 melhor.<\/p>\n<p>O Serasa denvolve as melhores solu\u00e7\u00f5es para reduzir riscos de cr\u00e9dito, evitar fraudes, vender a prazo com seguran\u00e7a, identificar parceiros, analisar fornecedores e renegociar ou recuperar d\u00edvidas.<\/p>\n<p>Para a Serasa Experian, n\u00e3o basta ser o maior banco de dados. \u00c9 fundamental garantirmos que todas as informa\u00e7\u00f5es estejam corretas, consistentes e continuamente atualizadas.<\/p>\n<p>No mundo, o Grupo Experian conta com os melhores profissionais de TI, an\u00e1lise de dados, cr\u00e9dito, analytics e demais \u00e1reas de apoio.<\/p>\n<p>O Serasa denvolve solu\u00e7\u00f5es inovadoras, traduzindo algoritmos e estudos complexos em solu\u00e7\u00f5es simples para os clientes.<\/p>\n<p>A lideran\u00e7a da Serasa Experian se amplia a cada ano porque n\u00e3o para de investir. Esta constantemente buscando novas informa\u00e7\u00f5es e realizando parcerias, para trazer o que de fato faz a diferen\u00e7a na hora de realizar um novo neg\u00f3cio.<\/p>\n<p>Tamb\u00e9m tem informa\u00e7\u00f5es dos hist\u00f3ricos dos Balan\u00e7os Patrimoniais das empresas no Brasil (cerca de 80 mil do \u00faltimo ano), o que permite realizar estudos setoriais, an\u00e1lises econ\u00f4micas e modelos de rating muito mais poderosos para agilizar o processo de an\u00e1lise de decis\u00e3o.<\/p>\n<h2>Serasa Macei\u00f3 Consulta Gr\u00e1tis<\/h2>\n<p>A exist\u00eancia de uma presta\u00e7\u00e3o comercial n\u00e3o paga ou o atraso no pagamento de contas diversas pode ocasionar a inclus\u00e3o do nome do inadimplente no Servi\u00e7o de Prote\u00e7\u00e3o ao Cr\u00e9dito (SPC) e no Serasa, o que criar\u00e1 muitas dificuldades para novas compras no com\u00e9rcio e realiza\u00e7\u00e3o de novos neg\u00f3cios.<\/p>\n<p>Para ajudar a quem desejar limpar o nome uma nova ferramenta foi lan\u00e7ada pelo Serasa. O famoso \u201cnome sujo\u201d poder\u00e1 ser verificado pela internet, sem necessidade de visita presencial. A nova ferramenta j\u00e1 est\u00e1 dispon\u00edvel pela companhia.<\/p>\n<h3>Serasa Macei\u00f3 Certificado<\/h3>\n<ul>\n<li>E-CPF: \u00e9 a sua identidade digital que permite realizar opera\u00e7\u00f5es na internet com a mesma validade do CPF f\u00edsico.<\/li>\n<li>NF-e: certificado para a emiss\u00e3o e armazenamento de notas fiscais eletr\u00f4nicas.<\/li>\n<li>e-CNPJ: o certificado vinculado a empresas, emitido para o representante legal da empresa.<\/li>\n<li>SSL: garante seguran\u00e7a na troca de informa\u00e7\u00f5es dos visitantes e usu\u00e1rios do seu site.<\/li>\n<\/ul>\n<p><strong>Como posso utilizar meu <em>Certificado<\/em> Digital?<\/strong><\/p>\n<ul>\n<li>Assinar e enviar documentos pela internet<\/li>\n<li>Realizar transa\u00e7\u00f5es banc\u00e1rias<\/li>\n<li>Enviar as declara\u00e7\u00f5es de sua empresa como imposto de renda de Pessoa Jur\u00eddica Logar-se em ambientes seguros<\/li>\n<li>Assinar NF-e, Conhecimentos de CT-e e Manifesto do Destinat\u00e1rio<\/li>\n<li>Assinar escritura\u00e7\u00f5es cont\u00e1beis e fiscais, etc<\/li>\n<\/ul>\n<h3>Serasa Macei\u00f3 Score<\/h3>\n<p>O Serasa <span style=\"text-decoration: underline;\">Score<\/span> \u00e9 uma pontua\u00e7\u00e3o que vai de 0 a 1000, e indica qual a probabilidade de um grupo de pessoas que tem comportamento semelhante pagarem ou n\u00e3o suas contas em dia.<\/p>\n<p>Os bancos, lojas e empresas utilizam sistemas para saber quais s\u00e3o os melhores pagadores, e tamb\u00e9m aqueles que podem n\u00e3o pagar uma d\u00edvida.<\/p>\n<p>O Serasa <span style=\"text-decoration: underline;\">Score<\/span> \u00e9 um dos sistemas utilizados pelas empresas para saber quais as chances de voc\u00ea deixar de pagar alguma compra nos pr\u00f3ximos 12 meses.<br \/>\nVoc\u00ea pode acessar a sua pontua\u00e7\u00e3o e descobrir como melhorar o seu score, aumentando as chances de obter cr\u00e9dito.<\/p>\n<p>A an\u00e1lise de informa\u00e7\u00f5es existentes na base de dados da Serasa e relacionadas \u00e0s consultas realizadas pelos clientes da Serasa s\u00e3o combinadas e se transformam em uma pontua\u00e7\u00e3o.<\/p>\n<h3>Hor\u00e1rio de Funcionamento Serasa Macei\u00f3<\/h3>\n<ul>\n<li>Segunda a sexta das 8h30 \u00e1s 16h30<\/li>\n<\/ul>\n<h3>Onde Fica, Endere\u00e7o e Telefone Serasa Consumidor Macei\u00f3<\/h3>\n<ul>\n<li>R. Prof. Jos\u00e9 da Silveira Camerino, 1085 &#8211; Pinheiro, Macei\u00f3 &#8211; AL<\/li>\n<li>Telefone: (82) 2122-2400<\/li>\n<\/ul>\n<h4>Outras informa\u00e7\u00f5es e site<\/h4>\n<ul>\n<li>Mais informa\u00e7\u00f5es: <a href=\"http:\/\/www.serasaexperian.com.br\">www.serasaexperian.com.br<\/a><\/li>\n<\/ul>\n<h4>Mapa de localiza\u00e7\u00e3o<\/h4>\n<a class=\"wp-colorbox-iframe\" href=\"https:\/\/www.google.com\/maps\/embed?pb=!1m14!1m8!1m3!1d15734.490232312768!2d-35.7425932!3d-9.6277304!3m2!1i1024!2i768!4f13.1!3m3!1m2!1s0x00xa5583954720f7602!2sSerasa+Experian!5e0!3m2!1spt-BR!2sbr!4v1550235689413\"><img decoding=\"async\" src=\"http:\/\/www.encontramaceio.com.br\/imgs\/maps-post.png\"><\/a>\n\n<div style=\"font-size: 0px; height: 0px; line-height: 0px; margin: 0; padding: 0; clear: both;\"><\/div>","protected":false},"excerpt":{"rendered":"<p>Presente h\u00e1 50 anos no mercado brasileiro, a Serasa Experian \u00e9 respons\u00e1vel pela maior base de dados da Am\u00e9rica Latina e oferece os relat\u00f3rios mais precisos e eficazes do mercado. O Serasa Macei\u00f3 apoia empresas e consumidores em suas decis\u00f5es de cr\u00e9dito e oferece solu\u00e7\u00f5es para gest\u00e3o de riscos, marketing e certifica\u00e7\u00e3o digital. Desde 2007 \u00e9 parte do grupo Experian, a maior refer\u00eancia mundial em servi\u00e7os de informa\u00e7\u00e3o. Por meio das solu\u00e7\u00f5es tecnol\u00f3gicas e inovadoras, amplia oportunidades para pessoas e empresas e trabalha para criar um amanh\u00e3 melhor. O Serasa denvolve as melhores solu\u00e7\u00f5es para reduzir riscos de cr\u00e9dito, evitar <\/p>\n","protected":false},"author":1,"featured_media":0,"parent":0,"menu_order":0,"comment_status":"closed","ping_status":"closed","template":"","meta":{"footnotes":""},"class_list":["post-2047","page","type-page","status-publish","hentry"],"aioseo_notices":[],"_links":{"self":[{"href":"https:\/\/www.encontramaceio.com.br\/sobre\/wp-json\/wp\/v2\/pages\/2047","targetHints":{"allow":["GET"]}}],"collection":[{"href":"https:\/\/www.encontramaceio.com.br\/sobre\/wp-json\/wp\/v2\/pages"}],"about":[{"href":"https:\/\/www.encontramaceio.com.br\/sobre\/wp-json\/wp\/v2\/types\/page"}],"author":[{"embeddable":true,"href":"https:\/\/www.encontramaceio.com.br\/sobre\/wp-json\/wp\/v2\/users\/1"}],"replies":[{"embeddable":true,"href":"https:\/\/www.encontramaceio.com.br\/sobre\/wp-json\/wp\/v2\/comments?post=2047"}],"version-history":[{"count":2,"href":"https:\/\/www.encontramaceio.com.br\/sobre\/wp-json\/wp\/v2\/pages\/2047\/revisions"}],"predecessor-version":[{"id":2053,"href":"https:\/\/www.encontramaceio.com.br\/sobre\/wp-json\/wp\/v2\/pages\/2047\/revisions\/2053"}],"wp:attachment":[{"href":"https:\/\/www.encontramaceio.com.br\/sobre\/wp-json\/wp\/v2\/media?parent=2047"}],"curies":[{"name":"wp","href":"https:\/\/api.w.org\/{rel}","templated":true}]}}