{"id":2042,"date":"2019-02-15T16:36:51","date_gmt":"2019-02-15T18:36:51","guid":{"rendered":"https:\/\/www.encontramaceio.com.br\/sobre\/?page_id=2042"},"modified":"2019-02-15T17:42:44","modified_gmt":"2019-02-15T19:42:44","slug":"senac-maceio","status":"publish","type":"page","link":"https:\/\/www.encontramaceio.com.br\/sobre\/senac-maceio\/","title":{"rendered":"SENAC Macei\u00f3"},"content":{"rendered":"<div class=\"dcb782f0616bca5484400fea6b37e93d\" data-index=\"1\" style=\"float: none; margin:0px;\">\n<script async src=\"https:\/\/pagead2.googlesyndication.com\/pagead\/js\/adsbygoogle.js?client=ca-pub-8585364105181520\"\r\n     crossorigin=\"anonymous\"><\/script>\r\n<!-- Anuncio display - global -->\r\n<ins class=\"adsbygoogle\"\r\n     style=\"display:block\"\r\n     data-ad-client=\"ca-pub-8585364105181520\"\r\n     data-ad-slot=\"8789329856\"\r\n     data-ad-format=\"auto\"\r\n     data-full-width-responsive=\"true\"><\/ins>\r\n<script>\r\n     (adsbygoogle = window.adsbygoogle || []).push({});\r\n<\/script>\n<\/div>\n<p>Criado em 1946, o <strong>SENAC<\/strong> \u00e9 uma institui\u00e7\u00e3o de direito privado subordinada \u00e0 Confedera\u00e7\u00e3o Nacional do Com\u00e9rcio (CNC). A entidade possui uma administra\u00e7\u00e3o nacional e administra\u00e7\u00f5es regionais nos estados brasileiros.<\/p>\n<p>Em Alagoas o SENAC come\u00e7ou a funcionar em 17 de dezembro de 1947, como uma Delegacia da Administra\u00e7\u00e3o Regional do Nordeste Oriental, localizada na Pra\u00e7a Montepio dos Artistas, 78, Centro de Macei\u00f3, e vinculado \u00e0 administra\u00e7\u00e3o em Recife(PE).<\/p>\n<p><img loading=\"lazy\" decoding=\"async\" class=\"aligncenter wp-image-2044 size-full\" title=\"SENAC Macei\u00f3\" src=\"https:\/\/www.encontramaceio.com.br\/sobre\/wp-content\/uploads\/2019\/02\/senac-maceio.jpg\" alt=\"SENAC Macei\u00f3\" width=\"680\" height=\"189\" srcset=\"https:\/\/www.encontramaceio.com.br\/sobre\/wp-content\/uploads\/2019\/02\/senac-maceio.jpg 680w, https:\/\/www.encontramaceio.com.br\/sobre\/wp-content\/uploads\/2019\/02\/senac-maceio-300x83.jpg 300w\" sizes=\"auto, (max-width: 680px) 100vw, 680px\" \/><\/p>\n<p>Obteve sua autonomia em 21 de mar\u00e7o de 1948, em sess\u00e3o realizada no sal\u00e3o nobre do edif\u00edcio do Sindicato dos Empregados do Com\u00e9rcio no Estado, na qual ocorreu a elei\u00e7\u00e3o do presidente do Conselho Regional, Vicente Gerbase, e do representante junto ao Conselho Nacional, Sebasti\u00e3o Marinho Muniz Falc\u00e3o, sendo, portanto, a data oficial de anivers\u00e1rio do Regional Alagoas.<\/p>\n<p>O SENAC Alagoas possui, em Macei\u00f3, as Unidades Po\u00e7o, Fernandes Lima, Programas Sociais e o Posto Avan\u00e7ado de Tecnologia, e tamb\u00e9m est\u00e1 presente no interior do estado por meio das Unidades M\u00f3veis, da Unidade Arapiraca e dos Postos Avan\u00e7ados em Penedo, Palmeira dos \u00cdndios e Uni\u00e3o dos Palmares. A responsabilidade social \u00e9 uma das diretrizes da Institui\u00e7\u00e3o, que desenvolve projetos de inclus\u00e3o beneficiando milhares de pessoas na capital e no interior do estado.<\/p>\n<p>O PSG (Programa SENAC de Gratuidade) amplia o compromisso da institui\u00e7\u00e3o com o desenvolvimento do pa\u00eds ao democratizar o acesso \u00e0 educa\u00e7\u00e3o profissional, oferecendo aos alagoanos vagas gratuitas em diversos cursos, da forma\u00e7\u00e3o inicial ao n\u00edvel t\u00e9cnico.<\/p>\n<p>\u00c9 por isso que h\u00e1 70 anos, o SENAC vem promovendo a educa\u00e7\u00e3o profissional em Alagoas, o que representa a oportunidade de empregabilidade e a mudan\u00e7a de vida para muitas pessoas.<\/p>\n<h2>Cursos SENAC Macei\u00f3<\/h2>\n<p>O SENAC Macei\u00f3 oferece <em>cursos<\/em> nas \u00e1reas:<\/p>\n<p>Sa\u00fade<\/p>\n<ul>\n<li>Orienta\u00e7\u00f5es Nutricionais para a Preven\u00e7\u00e3o do C\u00e2ncer de Pr\u00f3stata<\/li>\n<\/ul>\n<p>Turismo<\/p>\n<ul>\n<li>Happy Hour: Vamos cantar e aprender<\/li>\n<\/ul>\n<p>Hospitalidade<\/p>\n<ul>\n<li>Aplica\u00e7\u00e3o dos procedimentos de Boas Pr\u00e1ticas conforme os crit\u00e9rios de seguran\u00e7a a fim de<br \/>\nproteger a sa\u00fade e prevenir danos ocasionados pelas doen\u00e7as transmitidas pelos alimentos<br \/>\ndevido a manipula\u00e7\u00e3o inadequada.<\/li>\n<\/ul>\n<p>Inform\u00e1tica<\/p>\n<ul>\n<li>Desenvolvimento de habilidades pr\u00e1ticas para cria\u00e7\u00e3o de planilhas, c\u00e1lculo e desenvolvimento<br \/>\nde diferentes tipos de gr\u00e1ficos Dashboard ou interativos no Excel 2016.<\/li>\n<\/ul>\n<p>Gest\u00e3o Administra\u00e7\u00e3o de Contas a Pagar, a Receber e Tesouraria<\/p>\n<ul>\n<li>Elabora\u00e7\u00e3o de procedimentos de contas a pagar e a receber, emiss\u00e3o de documentos do setor de cobran\u00e7a e cr\u00e9dito e atividades relacionadas ao setor de tesouraria.<\/li>\n<\/ul>\n<p>Conserva\u00e7\u00e3o e Zeladoria<\/p>\n<ul>\n<li>Desenvolvimento das atividades relacionadas ao atendimento aos clientes e comercializa\u00e7\u00e3o de produtos em postos de gasolina. No curso, o aluno ser\u00e1 preparado para realizar o manuseio de equipamentos e instrumentos, abastecimento dos tanques de combust\u00edvel, verifica\u00e7\u00e3o das condi\u00e7\u00f5es de flu\u00eddos dos ve\u00edculos (\u00f3leo do c\u00e1rter, \u00f3leo de freio, n\u00edvel de \u00e1gua do radiador), dentre outras atividades pertinentes \u00e0 fun\u00e7\u00e3o.<\/li>\n<\/ul>\n<p>Comunica\u00e7\u00e3o<\/p>\n<ul>\n<li>Desenvolvimento de t\u00e9cnicas e obten\u00e7\u00e3o de conhecimentos avan\u00e7ados referente \u00e0s pr\u00e1ticas de apresenta\u00e7\u00e3o em p\u00fablico, no que tange a dic\u00e7\u00e3o, a desinibi\u00e7\u00e3o e a orat\u00f3ria.<\/li>\n<\/ul>\n<p>Gest\u00e3o T\u00e9cnicas de Vendas para Imobili\u00e1rias<\/p>\n<ul>\n<li>Desenvolvimento de habilidades para vendas de im\u00f3veis, focando nos benef\u00edcios do local e im\u00f3vel e prezando pelo relacionamento com o cliente.<\/li>\n<\/ul>\n<p>Beleza<\/p>\n<ul>\n<li>Desenvolvimento das t\u00e9cnicas para escova\u00e7\u00e3o dos cabelos, de forma introdut\u00f3ria e b\u00e1sica, utilizando procedimentos adequados ao estilo do cliente e as tend\u00eancias da moda.<\/li>\n<\/ul>\n<h3>Cursos Gratuitos SENAC Salvador<\/h3>\n<p>O <span style=\"text-decoration: underline;\">Programa Senac de Gratuidad<\/span>e foi pensado como um instrumento de inclus\u00e3o produtiva para brasileiros oriundos de fam\u00edlia de baixa renda.<\/p>\n<p>A renda familiar mensal per capita \u00e9 calculada somando-se a renda bruta dos componentes do grupo familiar e dividindo-se pelo n\u00famero de pessoas que formam esse grupo familiar.<\/p>\n<p>Se o resultado for at\u00e9 2 sal\u00e1rios m\u00ednimos federais, o candidato poder\u00e1 concorrer a uma vaga no PSG.\u00a0Grupo familiar \u2013 corresponde ao pr\u00f3prio candidato e as pessoas que moram com ele, que usufruam da renda bruta familiar e tenham com o candidato algum grau de parentesco: pai, padastro, m\u00e3e, madrasta, c\u00f4njuge, companheiro(a), filho(a), enteado(a), irm\u00e3o(\u00e3), ou av\u00f4(\u00f3).<\/p>\n<h3>SENAC Macei\u00f3 Jovem Aprendiz<\/h3>\n<p>Desenvolvido pelo Senac Alagoas com a parceria de v\u00e1rias empresas, o Programa de Aprendizagem cria oportunidades para o estudante que est\u00e1 iniciando sua carreira no mercado de trabalho e para as empresas que podem qualificar e desenvolver o seu futuro profissional. O programa \u00e9 desenvolvido em conformidade com a Lei 10.097\/2000 e o Decreto Lei 5.598\/2005.<\/p>\n<p><strong>Quem pode ser um <span style=\"text-decoration: underline;\">Aprendiz<\/span>?<\/strong><br \/>\nAprendiz \u00e9 o adolescente ou jovem entre 14 e 24 anos (n\u00e3o podendo completar 24 anos no programa), que esteja matriculado e frequentando a escola regular ou ter conclu\u00eddo o ensino m\u00e9dio.<\/p>\n<p><strong>Como \u00e9 a sele\u00e7\u00e3o do <span style=\"text-decoration: underline;\">Aprendiz<\/span>?<\/strong><br \/>\nA empresa \u00e9 respons\u00e1vel pelo recrutamento e sele\u00e7\u00e3o do aprendiz. Ap\u00f3s a escolha do candidato, encaminha-o para o Senac, matriculando-o em um dos cursos que seja do interesse da contratante em fun\u00e7\u00e3o da sua \u00e1rea de atua\u00e7\u00e3o, observando o dispositivo legal pertinente \u00e0 aprendizagem e a prioridade conferida aos adolescentes na faixa et\u00e1ria entre 14 e 18 anos.<\/p>\n<p><strong>Cursos dispon\u00edveis no SENAC:<\/strong><\/p>\n<ul>\n<li>COM\u00c9RCIO<br \/>\nAprendizagem Profissional Comercial em Servi\u00e7os de Supermercado<br \/>\nAprendizagem Profissional Comercial em Servi\u00e7os de Vendas<\/li>\n<li>CONSERVA\u00c7\u00c3O E ZELADORIA<br \/>\nAprendizagem Profissional Comercial em Servi\u00e7os de Asseio e Conserva\u00e7\u00e3o<br \/>\nAprendizagem Profissional Comercial em Servi\u00e7os de Atendimento em Postos de Combust\u00edveis<\/li>\n<li>EDUCACIONAL<br \/>\nAprendizagem Profissional Comercial em Servi\u00e7os de Educa\u00e7\u00e3o Infantil<\/li>\n<li>GEST\u00c3O<br \/>\nAprendizagem Profissional Comercial em Servi\u00e7os Administrativos<br \/>\nAprendizagem Profissional Comercial em Servi\u00e7os Administrativos em Institui\u00e7\u00f5es de Sa\u00fade<\/li>\n<li>HOSPITALIDADE<br \/>\nAprendizagem Profissional Comercial em Servi\u00e7os Hoteleiros<\/li>\n<li>SA\u00daDE<br \/>\nAprendizagem Profissional Comercial em Servi\u00e7os de Farm\u00e1cias e Drogarias<\/li>\n<\/ul>\n<p><strong>Qual \u00e9 a responsabilidade do SENAC com o Aprendiz?<\/strong><br \/>\nO Senac \u00e9 respons\u00e1vel pela forma\u00e7\u00e3o te\u00f3rica, onde os jovens s\u00e3o capacitados em cursos com carga hor\u00e1ria de 1.600h, distribu\u00eddas entre 480 horas te\u00f3ricas e 1.120 horas na empresa contratante com a Pr\u00e1tica Profissional Supervisionada.<\/p>\n<p>O Programa de Aprendizagem, no Senac contribui para a forma\u00e7\u00e3o de um cidad\u00e3o \u00e9tico e respons\u00e1vel, que atenda as exig\u00eancias do mercado de trabalho.<\/p>\n<ul>\n<li>Carga Hor\u00e1ria (480h Teoria + 1120h Pr\u00e1tica) = 1.600h Total\u00ad\u00ad<\/li>\n<li>Cronograma: Segunda a quarta-feira: no Senac |Quinta e sexta-feira: na Empresa\u00a0ou Segunda a Quarta-feira: na Empresa | Quinta e sexta-feira: no Senac<\/li>\n<li>Aulas te\u00f3ricas no Senac: desenvolvimento de conhecimentos, habilidades e atitudes b\u00e1sicas para forma\u00e7\u00e3o e ocupa\u00e7\u00e3o;<\/li>\n<li>Pr\u00e1tica supervisionada na empresa: aliando teoria \u00e0 pr\u00e1tica e oportunizando ao jovem valoriza\u00e7\u00e3o como pessoa e como cidad\u00e3o.<\/li>\n<\/ul>\n<p><strong> Qual \u00e9 a responsabilidade da Empresa com o Aprendiz?<\/strong><br \/>\nA empresa, na condi\u00e7\u00e3o de empregadora, compromete-se a:<\/p>\n<ul>\n<li>Remunerar o aprendiz empregado com o sal\u00e1rio m\u00ednimo hora (1\/2 sal\u00e1rio m\u00ednimo), salvo condi\u00e7\u00e3o mais favor\u00e1vel, nos termos do art. 428, \u00a7 2\u00ba da CLT, alterado pelo Decreto Lei 5.598\/2005;<\/li>\n<li>Registrar na Carteira de Trabalho e Previd\u00eancia Social do aprendiz empregado a vig\u00eancia do presente Contrato de Aprendizagem;<\/li>\n<li>Garantir ao aprendiz empregado todos os direitos trabalhistas e previdenci\u00e1rios que lhes forem devidos durante a parte te\u00f3rica, e a parte pr\u00e1tica do curso (Art.429);<\/li>\n<li>Recolher o FGTS, com al\u00edquota de 2% sobre a remunera\u00e7\u00e3o, nos termos do \u00a7 7\u00ba, do artigo 15, da Lei 8036\/90, acrescido pelo Decreto Lei 5.598\/2005;<\/li>\n<li>Propiciar a Forma\u00e7\u00e3o Profissional, conforme programa elaborado pelo Senac, em todos os ambientes nos quais o jovem desenvolveu suas compet\u00eancias profissionais.<\/li>\n<\/ul>\n<h3>Hor\u00e1rio de Funcionamento SENAC Macei\u00f3<\/h3>\n<ul>\n<li>Segunda a sexta das 8h \u00e0s 21h \/ S\u00e1bado das 8h \u00e0s 12h<\/li>\n<\/ul>\n<h3>Onde Fica, Endere\u00e7o e Telefone SENAC Macei\u00f3<\/h3>\n<ul>\n<li><strong>Po\u00e7o<\/strong>: R. Pedro Paulino, 77 &#8211; Po\u00e7o &#8211; Telefone: (82) 2122-7858<\/li>\n<li><strong>Pinheiro<\/strong>: Rua Francisco Amorim, 240 A &#8211; Pinheiro &#8211; Telefone: (82) 2122-7858<\/li>\n<li><strong>Pinheiro I<\/strong>I: Av. Com. Francisco Amorim Le\u00e3o, 155 &#8211; Telefone: (82) 2122-7950<\/li>\n<li><strong>Pinheiro III<\/strong>: R. Ant\u00f4nio Proc\u00f3pio, 165 &#8211; Pinheiro &#8211; Telefone: (82) 2122-7930<\/li>\n<\/ul>\n<h4>Outras informa\u00e7\u00f5es e site<\/h4>\n<ul>\n<li>Mais informa\u00e7\u00f5es:<a href=\"http:\/\/www.senac.br\" target=\"_blank\" rel=\"noopener noreferrer\"> www.senac.br<\/a><\/li>\n<\/ul>\n<h4>Mapa de localiza\u00e7\u00e3o Unidade Po\u00e7o<\/h4>\n<a class=\"wp-colorbox-iframe\" href=\"https:\/\/www.google.com\/maps\/embed?pb=!1m18!1m12!1m3!1d15677134.94666763!2d-50.78949873108056!3d-16.40320129115087!2m3!1f0!2f0!3f0!3m2!1i1024!2i768!4f13.1!3m3!1m2!1s0x7014570d3cc03690xf6a5cd5ba17d6c99!2sSENAC+Unidade+Poo+-+CEP+Carlos+Milito!5e0!3m2!1spt-BR!2sbr!4v1550244366065\"><img decoding=\"async\" src=\"http:\/\/www.encontramaceio.com.br\/imgs\/maps-post.png\"><\/a>\n\n<div style=\"font-size: 0px; height: 0px; line-height: 0px; margin: 0; padding: 0; clear: both;\"><\/div>","protected":false},"excerpt":{"rendered":"<p>Criado em 1946, o SENAC \u00e9 uma institui\u00e7\u00e3o de direito privado subordinada \u00e0 Confedera\u00e7\u00e3o Nacional do Com\u00e9rcio (CNC). A entidade possui uma administra\u00e7\u00e3o nacional e administra\u00e7\u00f5es regionais nos estados brasileiros. Em Alagoas o SENAC come\u00e7ou a funcionar em 17 de dezembro de 1947, como uma Delegacia da Administra\u00e7\u00e3o Regional do Nordeste Oriental, localizada na Pra\u00e7a Montepio dos Artistas, 78, Centro de Macei\u00f3, e vinculado \u00e0 administra\u00e7\u00e3o em Recife(PE). Obteve sua autonomia em 21 de mar\u00e7o de 1948, em sess\u00e3o realizada no sal\u00e3o nobre do edif\u00edcio do Sindicato dos Empregados do Com\u00e9rcio no Estado, na qual ocorreu a elei\u00e7\u00e3o do presidente <\/p>\n","protected":false},"author":1,"featured_media":0,"parent":0,"menu_order":0,"comment_status":"closed","ping_status":"closed","template":"","meta":{"footnotes":""},"class_list":["post-2042","page","type-page","status-publish","hentry"],"aioseo_notices":[],"_links":{"self":[{"href":"https:\/\/www.encontramaceio.com.br\/sobre\/wp-json\/wp\/v2\/pages\/2042","targetHints":{"allow":["GET"]}}],"collection":[{"href":"https:\/\/www.encontramaceio.com.br\/sobre\/wp-json\/wp\/v2\/pages"}],"about":[{"href":"https:\/\/www.encontramaceio.com.br\/sobre\/wp-json\/wp\/v2\/types\/page"}],"author":[{"embeddable":true,"href":"https:\/\/www.encontramaceio.com.br\/sobre\/wp-json\/wp\/v2\/users\/1"}],"replies":[{"embeddable":true,"href":"https:\/\/www.encontramaceio.com.br\/sobre\/wp-json\/wp\/v2\/comments?post=2042"}],"version-history":[{"count":5,"href":"https:\/\/www.encontramaceio.com.br\/sobre\/wp-json\/wp\/v2\/pages\/2042\/revisions"}],"predecessor-version":[{"id":2056,"href":"https:\/\/www.encontramaceio.com.br\/sobre\/wp-json\/wp\/v2\/pages\/2042\/revisions\/2056"}],"wp:attachment":[{"href":"https:\/\/www.encontramaceio.com.br\/sobre\/wp-json\/wp\/v2\/media?parent=2042"}],"curies":[{"name":"wp","href":"https:\/\/api.w.org\/{rel}","templated":true}]}}