{"id":1965,"date":"2019-02-14T15:47:13","date_gmt":"2019-02-14T17:47:13","guid":{"rendered":"https:\/\/www.encontramaceio.com.br\/sobre\/?page_id=1965"},"modified":"2019-02-14T15:47:13","modified_gmt":"2019-02-14T17:47:13","slug":"senai-maceio","status":"publish","type":"page","link":"https:\/\/www.encontramaceio.com.br\/sobre\/senai-maceio\/","title":{"rendered":"SENAI Macei\u00f3"},"content":{"rendered":"<div class=\"dcb782f0616bca5484400fea6b37e93d\" data-index=\"1\" style=\"float: none; margin:0px;\">\n<script async src=\"https:\/\/pagead2.googlesyndication.com\/pagead\/js\/adsbygoogle.js?client=ca-pub-8585364105181520\"\r\n     crossorigin=\"anonymous\"><\/script>\r\n<!-- Anuncio display - global -->\r\n<ins class=\"adsbygoogle\"\r\n     style=\"display:block\"\r\n     data-ad-client=\"ca-pub-8585364105181520\"\r\n     data-ad-slot=\"8789329856\"\r\n     data-ad-format=\"auto\"\r\n     data-full-width-responsive=\"true\"><\/ins>\r\n<script>\r\n     (adsbygoogle = window.adsbygoogle || []).push({});\r\n<\/script>\n<\/div>\n<p>Criado em 1942, por iniciativa do empresariado do setor, o <strong>SENAI Macei\u00f3<\/strong> \u00e9 hoje um dos mais importantes polos nacionais de gera\u00e7\u00e3o e difus\u00e3o de conhecimento aplicado ao desenvolvimento industrial.<\/p>\n<p>Parte integrante do Sistema Ind\u00fastria, liderado pela Confedera\u00e7\u00e3o Nacional da Ind\u00fastria (CNI) e composto pelas Federa\u00e7\u00f5es das Ind\u00fastrias dos estados, o Senai apoia 28 \u00e1reas industriais por meio da forma\u00e7\u00e3o de recursos humanos e da presta\u00e7\u00e3o de servi\u00e7os como assist\u00eancia ao setor produtivo, servi\u00e7os de laborat\u00f3rio, pesquisa aplicada e informa\u00e7\u00e3o tecnol\u00f3gica.<\/p>\n<p><img loading=\"lazy\" decoding=\"async\" class=\"aligncenter wp-image-1967 size-full\" title=\"SENAI Macei\u00f3\" src=\"https:\/\/www.encontramaceio.com.br\/sobre\/wp-content\/uploads\/2019\/02\/senai-maceio.jpg\" alt=\"SENAI Macei\u00f3\" width=\"680\" height=\"189\" srcset=\"https:\/\/www.encontramaceio.com.br\/sobre\/wp-content\/uploads\/2019\/02\/senai-maceio.jpg 680w, https:\/\/www.encontramaceio.com.br\/sobre\/wp-content\/uploads\/2019\/02\/senai-maceio-300x83.jpg 300w\" sizes=\"auto, (max-width: 680px) 100vw, 680px\" \/><\/p>\n<p>Gra\u00e7as \u00e0 flexibilidade de sua estrutura, o Senai \u00e9 o maior complexo de educa\u00e7\u00e3o profissional da Am\u00e9rica Latina. Diretamente ligados a um Departamento Nacional, 27 Departamentos Regionais levam seus programas, projetos e atividades a todo o territ\u00f3rio nacional, oferecendo atendimento adequado \u00e0s diferentes necessidades locais e contribuindo para o fortalecimento da ind\u00fastria e o desenvolvimento pleno e sustent\u00e1vel do Pa\u00eds.<\/p>\n<p>Em Alagoas o Senai foi criado no ano de 1947, logo ap\u00f3s a Federa\u00e7\u00e3o das Ind\u00fastrias do Estado de Alagoas (Fiea), vindo a complementar o cen\u00e1rio nacional dentre as escolas voltadas para atender \u00e0 capacita\u00e7\u00e3o dos trabalhadores da Ind\u00fastria.<\/p>\n<p>As atividades do Senai Alagoas se dividem em duas \u00e1reas distintas e complementares: Educa\u00e7\u00e3o Profissional e Tecnologia e Inova\u00e7\u00e3o. Elas possibilitam atender, de forma mais ampla, \u00e0s necessidades dos diversos setores industriais locais.<\/p>\n<p>O Senai\/AL possui o Certificado ISO 9001:2008 desde 1999.<\/p>\n<h2>SENAI Macei\u00f3 Jovem Aprendiz<\/h2>\n<p>O SENAI foi criado h\u00e1 mais de 70 anos e traz em sua hist\u00f3ria e at\u00e9 em seu pr\u00f3prio nome o termo <span style=\"text-decoration: underline;\">Aprendizagem Industrial<\/span>. Com larga e reconhecida experi\u00eancia, a institui\u00e7\u00e3o construiu a Metodologia SENAI de Educa\u00e7\u00e3o Profissional. De uso exclusivo e com base em compet\u00eancias, nossa metodologia tem o objetivo de capacitar, integralmente e progressivamente, o <em>aprendiz<\/em> no dom\u00ednio dos fundamentos t\u00e9cnicos e cient\u00edficos e capacidades t\u00e9cnicas, sociais, organizativas e metodol\u00f3gicas previstas e exigidas pelas ocupa\u00e7\u00f5es do setor produtivo.<\/p>\n<p>O SENAI Alagoas \u00e9 refer\u00eancia estadual e nacional em Educa\u00e7\u00e3o Profissional e <span style=\"text-decoration: underline;\">Aprendizagem Industrial<\/span>, dispondo de uma infraestrutura sempre moderna e atualizada com um comprovado padr\u00e3o de qualidade e uma forma\u00e7\u00e3o de alto n\u00edvel tecnol\u00f3gico. Seus alunos concluintes apresentam um \u00edndice superior a 90% de empregabilidade e se destacam pela prefer\u00eancia dos empregadores do estado.<\/p>\n<p>A <span style=\"text-decoration: underline;\">Aprendizagem Industrial<\/span> n\u00e3o se limita ao cumprimento de determina\u00e7\u00e3o legal. As empresas contribuintes e parceiras do SENAI oportunizam o primeiro <span style=\"text-decoration: underline;\">emprego para jovens<\/span> e investem na contrata\u00e7\u00e3o de colaboradores qualificados para atend\u00ea-la, contribuindo para a rentabilidade do setor industrial do estado de Alagoas.<\/p>\n<h3>SENAI Macei\u00f3 Trabalhe Conosco<\/h3>\n<p>Para aqueles que almejam<em> trabalhar<\/em> em uma empresa que preza por realizar servi\u00e7os da mais alta qualidade, e que zela por seus colaboradores e profissionalismo sempre, estes profissionais devem <em>trabalhar<\/em> no SENAI Macei\u00f3, acesse o site para enviar seu <span style=\"text-decoration: underline;\">curr\u00edculo<\/span>.<\/p>\n<h3>SENAI Macei\u00f3 Cursos<\/h3>\n<p>O SENAI oferece <span style=\"text-decoration: underline;\">cursos<\/span> nas \u00e1reas:<\/p>\n<ul>\n<li>Administra\u00e7\u00e3o<\/li>\n<li>Automa\u00e7\u00e3o Industrial<\/li>\n<li>Biocombust\u00edveis<\/li>\n<li>Comunica\u00e7\u00e3o Visual<\/li>\n<li>Biotecnologia<\/li>\n<li>Carpintaria<\/li>\n<li>Celulose e Papel<\/li>\n<li>Desenvolvimento de Sistemas<\/li>\n<li>Design de M\u00f3veis<\/li>\n<li>Edifica\u00e7\u00f5es<\/li>\n<li>Eletroeletr\u00f4nica<\/li>\n<li>Eletromec\u00e2nica<\/li>\n<li>Impress\u00e3o Offset<\/li>\n<li>Eletr\u00f4nica<\/li>\n<li>Eletrot\u00e9cnica<\/li>\n<li>Fabrica\u00e7\u00e3o Mec\u00e2nica<\/li>\n<li>Meio Ambiente<\/li>\n<li>Inform\u00e1tica<\/li>\n<li>Inform\u00e1tica para Internet<\/li>\n<li>Log\u00edstica<\/li>\n<li>Manuten\u00e7\u00e3o Automotiva<\/li>\n<li>Manuten\u00e7\u00e3o e Suporte de Inform\u00e1tica<\/li>\n<li>Mec\u00e2nica<\/li>\n<li>Mecatr\u00f4nica<\/li>\n<li>Modelagem do Vestu\u00e1rio<\/li>\n<li>Produ\u00e7\u00e3o de Moda<\/li>\n<li>Pl\u00e1stico<\/li>\n<li>Programa\u00e7\u00e3o de Jogos Digitais<\/li>\n<li>Qualidade<\/li>\n<li>Refrigera\u00e7\u00e3o e Climatiza\u00e7\u00e3o<\/li>\n<li>Qu\u00edmica<\/li>\n<li>Telecomunica\u00e7\u00f5es<\/li>\n<li>Rede de Computadores<\/li>\n<li>Seguran\u00e7a do Trabalho<\/li>\n<li>Sistemas de Energia Renov\u00e1vel<\/li>\n<li>Soldagem<\/li>\n<li>Vestu\u00e1rio<\/li>\n<\/ul>\n<h3>Cursos Gratuitos SENAI Macei\u00f3<\/h3>\n<p>O SENAI Macei\u00f3 oferece aos interessados <em>bolsas de estudos<\/em>. S\u00e3o elas: parciais ou integrais nos cursos de:<\/p>\n<p>Nos cursos de <span style=\"text-decoration: underline;\">Aprendizagem Industrial e T\u00e9cnico<\/span>, as <em>bolsas s\u00e3o sempre integrais<\/em>.<br \/>\nNo <span style=\"text-decoration: underline;\">Curso Superior (Gradua\u00e7\u00e3o)<\/span>, podem ser concedidas <em>bolsas parciais.<\/em><br \/>\nEm <span style=\"text-decoration: underline;\">cursos livres<\/span> com mais de 160 horas, podem ser concedidas<em> bolsas integrais<\/em>.<\/p>\n<p>Para se inscrever, \u00e9 preciso:<\/p>\n<ul>\n<li>Ter 18 anos ou mais, na data de in\u00edcio do curso;<\/li>\n<li>N\u00e3o ser bolsista em outro curso;<\/li>\n<li>Atender aos requisitos para ingresso no curso escolhido.<\/li>\n<\/ul>\n<p>Ap\u00f3s a inscri\u00e7\u00e3o dos candidatos, caso o n\u00famero de inscritos supere o total de vagas, haver\u00e1 classifica\u00e7\u00e3o com base em:<\/p>\n<ul>\n<li>Situa\u00e7\u00e3o de emprego, em que ter\u00e1 prioridade o candidato desempregado;<\/li>\n<li>Grau de escolaridade, em que ter\u00e1 prioridade quem cursou, no m\u00e1ximo, o ensino m\u00e9dio. A prefer\u00eancia \u00e9 ter conclu\u00eddo o ensino m\u00e9dio, em seguida quem est\u00e1 cursando o ensino m\u00e9dio, at\u00e9 chegar \u00e0 escolaridade m\u00ednima prevista como requisito para realizar o curso;<\/li>\n<li>Renda, em que ter\u00e1 prioridade os de menor renda per capita. A renda per capita \u00e9 calculada a partir dos rendimentos e do n\u00famero de pessoas da fam\u00edlia, que moram com o candidato.<\/li>\n<\/ul>\n<h3>Hor\u00e1rio de Funcionamento SENAI Macei\u00f3<\/h3>\n<ul>\n<li><strong>Tabuleiro:<\/strong> Segunda a sexta das 7h30 \u00e0s 22h<\/li>\n<li><strong>Po\u00e7o:<\/strong> Segunda a sexta das 8h \u00e0s 22h<\/li>\n<li><strong>Benedito Bentes:<\/strong> Segunda a sexta das 7h \u00e0s 18h<\/li>\n<\/ul>\n<h3>Onde Fica, Endere\u00e7o e Telefone SENAI Macei\u00f3<\/h3>\n<ul>\n<li><strong>Tabuleiro:<\/strong> Dis. Industrial Gov. Luiz Cavalcante, Qd. 08, S\/N &#8211; Tel.: (82) 2121-7272<\/li>\n<li><strong>Po\u00e7o:<\/strong> Rua Pedro Am\u00e9rico, 18 &#8211; Po\u00e7o &#8211; Tel.: (82) 3217-1600<\/li>\n<li><strong>Benedito Bentes:<\/strong> Av. Ant\u00f4nio Lisboa de Amorim, 1751 &#8211; Tel.: (82) 3327-8734<\/li>\n<\/ul>\n<h4>Outras informa\u00e7\u00f5es e site<\/h4>\n<ul>\n<li>Mais informa\u00e7\u00f5es: <a href=\"http:\/\/al.senai.br\" target=\"_blank\" rel=\"noopener noreferrer\">www.al.senai.br<\/a><\/li>\n<\/ul>\n<h4>Mapa de localiza\u00e7\u00e3o Po\u00e7o<\/h4>\n<a class=\"wp-colorbox-iframe\" href=\"https:\/\/www.google.com\/maps\/embed?pb=!1m18!1m12!1m3!1d15677338.15671877!2d-50.78793012047295!3d-16.40067821624318!2m3!1f0!2f0!3f0!3m2!1i1024!2i768!4f13.1!3m3!1m2!1s0x701459e6ce6e7370x6a09fd3dd100da11!2sSenai+Gustavo+Paiva!5e0!3m2!1spt-BR!2sbr!4v1550147531424\"><img decoding=\"async\" src=\"http:\/\/www.encontramaceio.com.br\/imgs\/maps-post.png\"><\/a>\n\n<div style=\"font-size: 0px; height: 0px; line-height: 0px; margin: 0; padding: 0; clear: both;\"><\/div>","protected":false},"excerpt":{"rendered":"<p>Criado em 1942, por iniciativa do empresariado do setor, o SENAI Macei\u00f3 \u00e9 hoje um dos mais importantes polos nacionais de gera\u00e7\u00e3o e difus\u00e3o de conhecimento aplicado ao desenvolvimento industrial. Parte integrante do Sistema Ind\u00fastria, liderado pela Confedera\u00e7\u00e3o Nacional da Ind\u00fastria (CNI) e composto pelas Federa\u00e7\u00f5es das Ind\u00fastrias dos estados, o Senai apoia 28 \u00e1reas industriais por meio da forma\u00e7\u00e3o de recursos humanos e da presta\u00e7\u00e3o de servi\u00e7os como assist\u00eancia ao setor produtivo, servi\u00e7os de laborat\u00f3rio, pesquisa aplicada e informa\u00e7\u00e3o tecnol\u00f3gica. Gra\u00e7as \u00e0 flexibilidade de sua estrutura, o Senai \u00e9 o maior complexo de educa\u00e7\u00e3o profissional da Am\u00e9rica Latina. Diretamente <\/p>\n","protected":false},"author":1,"featured_media":0,"parent":0,"menu_order":0,"comment_status":"closed","ping_status":"closed","template":"","meta":{"footnotes":""},"class_list":["post-1965","page","type-page","status-publish","hentry"],"aioseo_notices":[],"_links":{"self":[{"href":"https:\/\/www.encontramaceio.com.br\/sobre\/wp-json\/wp\/v2\/pages\/1965","targetHints":{"allow":["GET"]}}],"collection":[{"href":"https:\/\/www.encontramaceio.com.br\/sobre\/wp-json\/wp\/v2\/pages"}],"about":[{"href":"https:\/\/www.encontramaceio.com.br\/sobre\/wp-json\/wp\/v2\/types\/page"}],"author":[{"embeddable":true,"href":"https:\/\/www.encontramaceio.com.br\/sobre\/wp-json\/wp\/v2\/users\/1"}],"replies":[{"embeddable":true,"href":"https:\/\/www.encontramaceio.com.br\/sobre\/wp-json\/wp\/v2\/comments?post=1965"}],"version-history":[{"count":1,"href":"https:\/\/www.encontramaceio.com.br\/sobre\/wp-json\/wp\/v2\/pages\/1965\/revisions"}],"predecessor-version":[{"id":1968,"href":"https:\/\/www.encontramaceio.com.br\/sobre\/wp-json\/wp\/v2\/pages\/1965\/revisions\/1968"}],"wp:attachment":[{"href":"https:\/\/www.encontramaceio.com.br\/sobre\/wp-json\/wp\/v2\/media?parent=1965"}],"curies":[{"name":"wp","href":"https:\/\/api.w.org\/{rel}","templated":true}]}}