{"id":1956,"date":"2019-02-14T15:38:53","date_gmt":"2019-02-14T17:38:53","guid":{"rendered":"https:\/\/www.encontramaceio.com.br\/sobre\/?page_id=1956"},"modified":"2019-02-14T15:38:53","modified_gmt":"2019-02-14T17:38:53","slug":"mapa-de-maceio","status":"publish","type":"page","link":"https:\/\/www.encontramaceio.com.br\/sobre\/mapa-de-maceio\/","title":{"rendered":"Mapa de Macei\u00f3"},"content":{"rendered":"<div class=\"dcb782f0616bca5484400fea6b37e93d\" data-index=\"1\" style=\"float: none; margin:0px;\">\n<script async src=\"https:\/\/pagead2.googlesyndication.com\/pagead\/js\/adsbygoogle.js?client=ca-pub-8585364105181520\"\r\n     crossorigin=\"anonymous\"><\/script>\r\n<!-- Anuncio display - global -->\r\n<ins class=\"adsbygoogle\"\r\n     style=\"display:block\"\r\n     data-ad-client=\"ca-pub-8585364105181520\"\r\n     data-ad-slot=\"8789329856\"\r\n     data-ad-format=\"auto\"\r\n     data-full-width-responsive=\"true\"><\/ins>\r\n<script>\r\n     (adsbygoogle = window.adsbygoogle || []).push({});\r\n<\/script>\n<\/div>\n<p>Veja o mapa de Macei\u00f3 &#8211; Alagoas de Diferentes modos \u2013 Urbano, Sat\u00e9lite e Terreno.<\/p>\n<p>O <strong>Mapa de Macei\u00f3<\/strong> exibe as principais avenidas e ruas que interligam o bairro com outros pontos da cidade. Navegue pelo site para encontrar Lojas, Panificadoras, Supermercados, Postos de Gasolina, Conveni\u00eancias e outros neg\u00f3cios\/empresas da regi\u00e3o.<\/p>\n<p><iframe style=\"border: 0;\" src=\"https:\/\/www.google.com\/maps\/embed?pb=!1m18!1m12!1m3!1d251777.36860228545!2d-35.82676522753254!3d-9.593424808607734!2m3!1f0!2f0!3f0!3m2!1i1024!2i768!4f13.1!3m3!1m2!1s0x70146fcd6688849%3A0xee2c725b43e07653!2sMacei%C3%B3+-+Jardim+da+Sa%C3%BAde%2C+Macei%C3%B3+-+AL!5e0!3m2!1spt-BR!2sbr!4v1550145056596\" width=\"905\" height=\"450\" frameborder=\"0\" allowfullscreen=\"allowfullscreen\"><span data-mce-type=\"bookmark\" style=\"display: inline-block; width: 0px; overflow: hidden; line-height: 0;\" class=\"mce_SELRES_start\">?<\/span><\/iframe><\/p>\n<p><b>\u00c1rea Territorial<\/b><br \/>\nA \u00c1rea territorial maceioense \u00e9 de 509,55 km\u00b2.<\/p>\n<p><b>Altitude<\/b><br \/>\nA Cidade de Macei\u00f3 &#8211; AL tem uma altitude 7 m.<\/p>\n<p><b>Funda\u00e7\u00e3o<\/b><br \/>\nEm 5 de dezembro de 1815 a Cidade de Macei\u00f3 &#8211; AL foi fundada.<\/p>\n<p><b>Clima<\/b><br \/>\nO clima de Macei\u00f3 &#8211; AL \u00e9 Tropical.<\/p>\n<p><b>Gent\u00edlico<\/b><br \/>\nQuem nasce em Macei\u00f3 &#8211; AL \u00e9 maceioense.<\/p>\n<h3>Mapa de Rotas<\/h3>\n<p>Os Mapas de Rotas s\u00e3o usados para facilitar a localiza\u00e7\u00e3o de um endere\u00e7o, bairro ou cidades. Esse tipo de mapa \u00e9 frequentemente utilizado pra criar uma rota de chegada at\u00e9 o local desejado, seja um ponto comercial ou residencial.<\/p>\n<h3>Mapa de Sat\u00e9lite<\/h3>\n<p>Os Mapas de Sat\u00e9lite s\u00e3o imagens em alta resolu\u00e7\u00e3o capturadas do espa\u00e7o por um sat\u00e9lite artificial. As imagens de sat\u00e9lite tem ampla utiliza\u00e7\u00e3o, especialmente na an\u00e1lise de terrenos, \u00e1reas de dif\u00edcil acesso e na avalia\u00e7\u00e3o das altera\u00e7\u00f5es do meio ambiente.<\/p>\n<h3>Mapa de Relevo<\/h3>\n<p>Os Mapas de Relevo exibem as eleva\u00e7\u00f5es e a altitude de uma \u00e1rea, desde pequenas eleva\u00e7\u00f5es a montanhas e c\u00e2nions.<\/p>\n<h3>Sobre o uso do GPS<\/h3>\n<p>Com a solicita\u00e7\u00e3o de uso for aceita, \u00e9 utilizado o GPS do seu dispositivo para determinar a sua posi\u00e7\u00e3o no mapa. Caso n\u00e3o queira informar a sua localiza\u00e7\u00e3o GPS, poder\u00e1 ser escolhido um ponto inicial em uma rota, mas n\u00e3o ser\u00e1 poss\u00edvel ver lugares pr\u00f3ximos a sua localiza\u00e7\u00e3o. Os recursos de Rotas e Minha Localiza\u00e7\u00e3o usam sua o GPS do seu dispositivo para melhorar a precis\u00e3o do mapa.<\/p>\n<h3>Sobre os Mapas<\/h3>\n<p>Os mapas \u00e9 uma das mais incr\u00edveis inven\u00e7\u00f5es da ra\u00e7a humana, permitindo encontrar qualquer lugar no mundo. Com o avan\u00e7o da tecnologia, \u00e9 poss\u00edvel utilizar sua localiza\u00e7\u00e3o em diversos casos, como:<\/p>\n<ul>\n<li>Iniciar uma rota, onde o ponto inicial \u00e9 a sua posi\u00e7\u00e3o.<\/li>\n<li>Encontrar lugares ao seu redor.<\/li>\n<li>Navegar por ruas e avenidas pr\u00f3ximas para saber como chegar a outros lugares.<\/li>\n<li>Ver lugares com imagens via sat\u00e9lite.<\/li>\n<\/ul>\n<h3>Sobre Rotas no Mapa<\/h3>\n<p>Al\u00e9m de visualizar lugares, voc\u00ea pode utilizar as rotas de Como Chegar para criar um trajeto at\u00e9 o local. Voc\u00ea pode escolher entre os m\u00e9todos de locomo\u00e7\u00e3o, sendo Carro como primeira op\u00e7\u00e3o e \u00d4nibus, Bicicleta ou Caminhando como op\u00e7\u00f5es.<\/p>\n\n<div style=\"font-size: 0px; height: 0px; line-height: 0px; margin: 0; padding: 0; clear: both;\"><\/div>","protected":false},"excerpt":{"rendered":"<p>Veja o mapa de Macei\u00f3 &#8211; Alagoas de Diferentes modos \u2013 Urbano, Sat\u00e9lite e Terreno. O Mapa de Macei\u00f3 exibe as principais avenidas e ruas que interligam o bairro com outros pontos da cidade. Navegue pelo site para encontrar Lojas, Panificadoras, Supermercados, Postos de Gasolina, Conveni\u00eancias e outros neg\u00f3cios\/empresas da regi\u00e3o. ? \u00c1rea Territorial A \u00c1rea territorial maceioense \u00e9 de 509,55 km\u00b2. Altitude A Cidade de Macei\u00f3 &#8211; AL tem uma altitude 7 m. Funda\u00e7\u00e3o Em 5 de dezembro de 1815 a Cidade de Macei\u00f3 &#8211; AL foi fundada. Clima O clima de Macei\u00f3 &#8211; AL \u00e9 Tropical. Gent\u00edlico Quem <\/p>\n","protected":false},"author":1,"featured_media":0,"parent":0,"menu_order":0,"comment_status":"closed","ping_status":"closed","template":"","meta":{"footnotes":""},"class_list":["post-1956","page","type-page","status-publish","hentry"],"aioseo_notices":[],"_links":{"self":[{"href":"https:\/\/www.encontramaceio.com.br\/sobre\/wp-json\/wp\/v2\/pages\/1956","targetHints":{"allow":["GET"]}}],"collection":[{"href":"https:\/\/www.encontramaceio.com.br\/sobre\/wp-json\/wp\/v2\/pages"}],"about":[{"href":"https:\/\/www.encontramaceio.com.br\/sobre\/wp-json\/wp\/v2\/types\/page"}],"author":[{"embeddable":true,"href":"https:\/\/www.encontramaceio.com.br\/sobre\/wp-json\/wp\/v2\/users\/1"}],"replies":[{"embeddable":true,"href":"https:\/\/www.encontramaceio.com.br\/sobre\/wp-json\/wp\/v2\/comments?post=1956"}],"version-history":[{"count":1,"href":"https:\/\/www.encontramaceio.com.br\/sobre\/wp-json\/wp\/v2\/pages\/1956\/revisions"}],"predecessor-version":[{"id":1958,"href":"https:\/\/www.encontramaceio.com.br\/sobre\/wp-json\/wp\/v2\/pages\/1956\/revisions\/1958"}],"wp:attachment":[{"href":"https:\/\/www.encontramaceio.com.br\/sobre\/wp-json\/wp\/v2\/media?parent=1956"}],"curies":[{"name":"wp","href":"https:\/\/api.w.org\/{rel}","templated":true}]}}