{"id":1940,"date":"2019-02-14T15:30:45","date_gmt":"2019-02-14T17:30:45","guid":{"rendered":"https:\/\/www.encontramaceio.com.br\/sobre\/?page_id=1940"},"modified":"2019-02-14T15:31:31","modified_gmt":"2019-02-14T17:31:31","slug":"igreja-el-shaddai-maceio","status":"publish","type":"page","link":"https:\/\/www.encontramaceio.com.br\/sobre\/igreja-el-shaddai-maceio\/","title":{"rendered":"Igreja El Shaddai Macei\u00f3"},"content":{"rendered":"<div class=\"dcb782f0616bca5484400fea6b37e93d\" data-index=\"1\" style=\"float: none; margin:0px;\">\n<script async src=\"https:\/\/pagead2.googlesyndication.com\/pagead\/js\/adsbygoogle.js?client=ca-pub-8585364105181520\"\r\n     crossorigin=\"anonymous\"><\/script>\r\n<!-- Anuncio display - global -->\r\n<ins class=\"adsbygoogle\"\r\n     style=\"display:block\"\r\n     data-ad-client=\"ca-pub-8585364105181520\"\r\n     data-ad-slot=\"8789329856\"\r\n     data-ad-format=\"auto\"\r\n     data-full-width-responsive=\"true\"><\/ins>\r\n<script>\r\n     (adsbygoogle = window.adsbygoogle || []).push({});\r\n<\/script>\n<\/div>\n<p>A <strong>Igreja El Shaddai Macei\u00f3<\/strong> est\u00e1 situada na Rua Jos\u00e9 Cabral Acioli, 415, Ponta Verde, 57035-220, Macei\u00f3, Alagoas. Sua organiza\u00e7\u00e3o ocorreu em 25 de dezembro de 1989, depois que alguns membros de Igrejas evang\u00e9licas da cidade passaram por experi\u00eancias pessoais com Cristo.<\/p>\n<p>Todos faziam parte de Igrejas hist\u00f3ricas e, diante das dificuldades para aceita\u00e7\u00e3o por parte dessas Igrejas do que chamam de \u201cRenova\u00e7\u00e3o Espiritual\u201d, percebemos a impossibilidade de continuar juntos \u2013 exclusivamente por conta de quest\u00f5es doutrin\u00e1rias.<\/p>\n<p><img loading=\"lazy\" decoding=\"async\" class=\"aligncenter wp-image-1943 size-full\" title=\"Igreja El Shaddai Macei\u00f3\" src=\"https:\/\/www.encontramaceio.com.br\/sobre\/wp-content\/uploads\/2019\/02\/igreja-el-shaddai-maceio.jpg\" alt=\"Igreja El Shaddai Macei\u00f3\" width=\"680\" height=\"189\" srcset=\"https:\/\/www.encontramaceio.com.br\/sobre\/wp-content\/uploads\/2019\/02\/igreja-el-shaddai-maceio.jpg 680w, https:\/\/www.encontramaceio.com.br\/sobre\/wp-content\/uploads\/2019\/02\/igreja-el-shaddai-maceio-300x83.jpg 300w\" sizes=\"auto, (max-width: 680px) 100vw, 680px\" \/><\/p>\n<p>Depois de apresentar a situa\u00e7\u00e3o ao Senhor, e com grande temor, resolvemos iniciar uma Igreja onde houvesse maior liberdade para proclama\u00e7\u00e3o da obra realizada pelo Esp\u00edrito Santo.<\/p>\n<p>Come\u00e7a os trabalhos contando com 36 (trinta e seis) irm\u00e3os em Cristo. O in\u00edcio foi muito dif\u00edcil, mas desde o primeiro culto percebemos claramente a a\u00e7\u00e3o divina nos direcionando para perseverar na Palavra, na ora\u00e7\u00e3o, na comunh\u00e3o, e no temor do Senhor.<\/p>\n<p>As dificuldades iniciais passaram. Hoje, para honra e gl\u00f3ria do nosso Senhor e Salvador Jesus Cristo, conta com 953 membros ativos. Tem a sede pr\u00f3pria e o acampamento, uma propriedade que \u00e9 presente de Deus, para realiza\u00e7\u00e3o de eventos espirituais.<\/p>\n<p>J\u00e1 tive o privil\u00e9gio de organizar mais seis Igrejas, concedendo-lhes independ\u00eancia; as Igrejas organizadas e independentes teem crescido, aberto congrega\u00e7\u00f5es e, da mesma maneira, concedido independ\u00eancia \u00e0s congrega\u00e7\u00f5es que, por sua vez, passam a seguir o mesmo princ\u00edpio multiplicador.<\/p>\n<p>A cada culto percebe a a\u00e7\u00e3o divina em in\u00fameras vidas: operando milagres, salvando, libertando, fazendo tudo conforme os princ\u00edpios contidos nas Sagradas Escrituras \u2013 a regra de f\u00e9 e pr\u00e1tica. Sabe que na caminhada n\u00e3o encontrar facilidades, mas tamb\u00e9m est\u00e1 cientes da presen\u00e7a do Senhor Eterno que nos guia, orienta, sustenta e protege.<\/p>\n<p>O prop\u00f3sito \u00e9 anunciar o Evangelho de Jesus Cristo a toda criatura. Para isso est\u00e1 diretamente envolvidos no trabalho mission\u00e1rio no Brasil, Peru, e B\u00e9lgica.<\/p>\n<h2>Igreja El Shaddai Macei\u00f3 Culto ao Vivo<\/h2>\n<p>Assista aos <span style=\"text-decoration: underline;\">cultos<\/span> de onde voc\u00ea estiver. Acesse o site.<\/p>\n<h3>Igreja El Shaddai Macei\u00f3 Acampamento<\/h3>\n<p>A ideia de possuir um s\u00edtio para <em>acampamento<\/em> surgiu da necessidade de reunir a Igreja para estudos e lazer. Os obst\u00e1culos eram muitos para conseguir um lugar apraz\u00edvel e espa\u00e7oso, onde a igreja ficasse em retiro. \u00c0 medida que cresc\u00edamos, aumentavam as dificuldades de acomoda\u00e7\u00e3o e infraestrutura para a realiza\u00e7\u00e3o dos eventos.<\/p>\n<p>Oramos a respeito disso, e o Senhor nos deu condi\u00e7\u00f5es para adquirir um s\u00edtio onde constru\u00edmos o Acampamento \u201cEl Shaddai\u201d \u2013 em constante processo de melhoramento. A propriedade tem quase sete hectares de \u00e1rea com 100% de aproveitamento; dois po\u00e7os artesianos com \u00e1gua de excelente qualidade; rede el\u00e9trica j\u00e1 instalada; \u00e1rvores j\u00e1 frutificando \u2013 jaqueiras, cajueiros, abacateiros, coqueiros, laranjeiras, mangueiras. Enfim, o lugar ideal para um Acampamento.<\/p>\n<h3>Igreja El Shaddai Macei\u00f3 Projetos<\/h3>\n<p><span style=\"text-decoration: underline;\">ASCEL &#8211; ASSIST\u00caNCIA SOCIAL CRIST\u00c3 EL SHADDAI<\/span><br \/>\nNo momento assistimos a 150 menores, de segunda \u00e0 sexta-feira, com aulas de refor\u00e7o escolar em N\u00edvel de Educa\u00e7\u00e3o Infantil, Fundamental I (Alfabetiza\u00e7\u00e3o), Fundamental II e Ensino M\u00e9dio. Tamb\u00e9m oferecemos lanches e atendemos a outras necessidades. Por isso precisamos de apoio. Toda ajuda ser\u00e1 bem vinda. Estamos com uma sala de alfabetiza\u00e7\u00e3o super lotada, com 24 crian\u00e7as, que n\u00e3o sabem ler nem escrever. O hor\u00e1rio \u00e9 de 13h30min \u00e0s 16h30min, segunda \u00e0 quinta, e sexta temos aula de educa\u00e7\u00e3o crist\u00e3. \u00c9 ofertado tamb\u00e9m atendimento cl\u00ednico, odontol\u00f3gico e Psicol\u00f3gico.<\/p>\n<p><span style=\"text-decoration: underline;\">M\u00c3OS ESTENDIDAS<\/span><br \/>\nGrupo de Irm\u00e3os unidos com a intens\u00e3o de arrecadar alimentos, roupas, brinquedos, cobertores, agasalhos, e atrav\u00e9s dessa for\u00e7a tarefa distribuir cestas b\u00e1sicas, sopa e realizar outras a\u00e7\u00f5es amparando aqueles que mais necessitam e assim ter a oportunidade de pregar a Palavra de Deus.<\/p>\n<p><span style=\"text-decoration: underline;\">GRUPO REVIVA<\/span><br \/>\nO grupo Reviva \u00e9 um projeto voltado para terceira idade da igreja que se reuni \u00e0s sextas feiras, das 15 \u00e1s 17 horas, com o prop\u00f3sito de oferecer atividades terap\u00eauticas tanto f\u00edsicas como emocionais com as atividades de oficina de artes, confraterniza\u00e7\u00e3o, atividade f\u00edsica, ora\u00e7\u00e3o e estudo b\u00edblico.<\/p>\n<h2>Hor\u00e1rio de Funcionamento Igreja El Shaddai Macei\u00f3<\/h2>\n<ul>\n<li>Diariamente das 8h \u00e0s 17h<\/li>\n<\/ul>\n<h3>Onde Fica, Endere\u00e7o e Telefone Igreja El Shaddai Macei\u00f3<\/h3>\n<ul>\n<li>R. Jos\u00e9 Cabral Acioli, 415 &#8211; Jati\u00faca, Macei\u00f3 &#8211; AL<\/li>\n<li>Telefone: (82) 3231-1099<\/li>\n<\/ul>\n<h4>Outras informa\u00e7\u00f5es e site<\/h4>\n<ul>\n<li>Mais informa\u00e7\u00f5es: <a href=\"http:\/\/www.elshaddaimaceio.org.br\" target=\"_blank\" rel=\"noopener noreferrer\">www.elshaddaimaceio.org.br<\/a><\/li>\n<\/ul>\n<h4>Mapa de localiza\u00e7\u00e3o<\/h4>\n<a class=\"wp-colorbox-iframe\" href=\"https:\/\/www.google.com\/maps\/embed?pb=!1m18!1m12!1m3!1d3933.299280140854!2d-35.71123358520854!3d-9.655448993087884!2m3!1f0!2f0!3f0!3m2!1i1024!2i768!4f13.1!3m3!1m2!1s0x70145a56bee5a010x7bf9f7da61fef029!2sIgreja+Evanglica+Batista+El+Shaddai!5e0!3m2!1spt-BR!2sbr!4v1550161600611\"><img decoding=\"async\" src=\"http:\/\/www.encontramaceio.com.br\/imgs\/maps-post.png\"><\/a>\n\n<div style=\"font-size: 0px; height: 0px; line-height: 0px; margin: 0; padding: 0; clear: both;\"><\/div>","protected":false},"excerpt":{"rendered":"<p>A Igreja El Shaddai Macei\u00f3 est\u00e1 situada na Rua Jos\u00e9 Cabral Acioli, 415, Ponta Verde, 57035-220, Macei\u00f3, Alagoas. Sua organiza\u00e7\u00e3o ocorreu em 25 de dezembro de 1989, depois que alguns membros de Igrejas evang\u00e9licas da cidade passaram por experi\u00eancias pessoais com Cristo. Todos faziam parte de Igrejas hist\u00f3ricas e, diante das dificuldades para aceita\u00e7\u00e3o por parte dessas Igrejas do que chamam de \u201cRenova\u00e7\u00e3o Espiritual\u201d, percebemos a impossibilidade de continuar juntos \u2013 exclusivamente por conta de quest\u00f5es doutrin\u00e1rias. Depois de apresentar a situa\u00e7\u00e3o ao Senhor, e com grande temor, resolvemos iniciar uma Igreja onde houvesse maior liberdade para proclama\u00e7\u00e3o da obra <\/p>\n","protected":false},"author":1,"featured_media":0,"parent":0,"menu_order":0,"comment_status":"closed","ping_status":"closed","template":"","meta":{"footnotes":""},"class_list":["post-1940","page","type-page","status-publish","hentry"],"aioseo_notices":[],"_links":{"self":[{"href":"https:\/\/www.encontramaceio.com.br\/sobre\/wp-json\/wp\/v2\/pages\/1940","targetHints":{"allow":["GET"]}}],"collection":[{"href":"https:\/\/www.encontramaceio.com.br\/sobre\/wp-json\/wp\/v2\/pages"}],"about":[{"href":"https:\/\/www.encontramaceio.com.br\/sobre\/wp-json\/wp\/v2\/types\/page"}],"author":[{"embeddable":true,"href":"https:\/\/www.encontramaceio.com.br\/sobre\/wp-json\/wp\/v2\/users\/1"}],"replies":[{"embeddable":true,"href":"https:\/\/www.encontramaceio.com.br\/sobre\/wp-json\/wp\/v2\/comments?post=1940"}],"version-history":[{"count":2,"href":"https:\/\/www.encontramaceio.com.br\/sobre\/wp-json\/wp\/v2\/pages\/1940\/revisions"}],"predecessor-version":[{"id":1944,"href":"https:\/\/www.encontramaceio.com.br\/sobre\/wp-json\/wp\/v2\/pages\/1940\/revisions\/1944"}],"wp:attachment":[{"href":"https:\/\/www.encontramaceio.com.br\/sobre\/wp-json\/wp\/v2\/media?parent=1940"}],"curies":[{"name":"wp","href":"https:\/\/api.w.org\/{rel}","templated":true}]}}