{"id":1542,"date":"2019-01-23T15:43:11","date_gmt":"2019-01-23T17:43:11","guid":{"rendered":"https:\/\/www.encontramaceio.com.br\/sobre\/?page_id=1542"},"modified":"2019-01-23T15:45:29","modified_gmt":"2019-01-23T17:45:29","slug":"maceio-shopping","status":"publish","type":"page","link":"https:\/\/www.encontramaceio.com.br\/sobre\/maceio-shopping\/","title":{"rendered":"Macei\u00f3 Shopping"},"content":{"rendered":"<div class=\"dcb782f0616bca5484400fea6b37e93d\" data-index=\"1\" style=\"float: none; margin:0px;\">\n<script async src=\"https:\/\/pagead2.googlesyndication.com\/pagead\/js\/adsbygoogle.js?client=ca-pub-8585364105181520\"\r\n     crossorigin=\"anonymous\"><\/script>\r\n<!-- Anuncio display - global -->\r\n<ins class=\"adsbygoogle\"\r\n     style=\"display:block\"\r\n     data-ad-client=\"ca-pub-8585364105181520\"\r\n     data-ad-slot=\"8789329856\"\r\n     data-ad-format=\"auto\"\r\n     data-full-width-responsive=\"true\"><\/ins>\r\n<script>\r\n     (adsbygoogle = window.adsbygoogle || []).push({});\r\n<\/script>\n<\/div>\n<p>Prestes a completar tr\u00eas d\u00e9cadas em uma das \u00e1reas mais importantes de capital alagoana, o<strong> Macei\u00f3 Shopping<\/strong> foi o primeiro shopping do estado, respons\u00e1vel por grandes transforma\u00e7\u00f5es no varejo local, implantando um novo conceito de compras com lazer, conforto e seguran\u00e7a.<\/p>\n<p>Seus corredores abrigam mais de 200 lojas oferecendo produtos e servi\u00e7os diferenciados e recebem mensalmente um p\u00fablico de mais de um milh\u00e3o de pessoas.<\/p>\n<p><img loading=\"lazy\" decoding=\"async\" class=\"aligncenter wp-image-1544 size-full\" title=\"Macei\u00f3 Shopping\" src=\"https:\/\/www.encontramaceio.com.br\/sobre\/wp-content\/uploads\/2019\/01\/maceio-shopping.jpg\" alt=\"Macei\u00f3 Shopping\" width=\"680\" height=\"189\" srcset=\"https:\/\/www.encontramaceio.com.br\/sobre\/wp-content\/uploads\/2019\/01\/maceio-shopping.jpg 680w, https:\/\/www.encontramaceio.com.br\/sobre\/wp-content\/uploads\/2019\/01\/maceio-shopping-300x83.jpg 300w\" sizes=\"auto, (max-width: 680px) 100vw, 680px\" \/><\/p>\n<p>As melhores \u00e2ncoras do Brasil, como Magazine Luiza, Renner, Leader, C &amp; A, Lojas Americanas, Le Biscuit, Marisa, Ricardo Eletro e Lojas Riachuelo est\u00e3o aqui!<\/p>\n<p>Al\u00e9m de ser a mais completa op\u00e7\u00e3o em compras, o shopping oferece op\u00e7\u00f5es de lazer e entretenimento para todas as idades, e servi\u00e7os que facilitam a vida de alagoanos e turistas, entre eles, caixas eletr\u00f4nicos, lot\u00e9ricas, lavanderia, entre outros.<\/p>\n<p>A comida regional e a cozinha internacional s\u00e3o destaques na pra\u00e7a de alimenta\u00e7\u00e3o.<\/p>\n<h2>Cinema Macei\u00f3 Shopping<\/h2>\n<p>O Macei\u00f3 Shopping possui o <span style=\"text-decoration: underline;\">Kinoplex<\/span>, cadeia de cinemas com sala stadium e VIP de poltronas reclin\u00e1veis e numeradas, com ingressos online.<\/p>\n<p>Hoje, o\u00a0<em>Kinoplex<\/em><strong>\u00a0<\/strong>\u00a0\u00e9 a maior rede de cinemas 100% brasileira. H\u00e1 100 anos levamos a magia e emo\u00e7\u00e3o do cinema a todo o pa\u00eds.<\/p>\n<p>O Kinoplex tem a miss\u00e3o de transformar a experi\u00eancia de ir ao cinema em momentos m\u00e1gicos, atrav\u00e9s da motiva\u00e7\u00e3o e\u00a0compromisso verdadeiros de seus colaboradores.<\/p>\n<h3>Macei\u00f3 Shopping Lojas<\/h3>\n<p>No Macei\u00f3 Shopping tem tudo que voc\u00ea precisa! Moda, servi\u00e7o, decora\u00e7\u00e3o, literatura. S\u00e3o mais de 2<em>00 lojas oferecendo produtos e servi\u00e7os diferenciados.<\/em><\/p>\n<p>Conhe\u00e7a as <em>lojas<\/em> que formam o mall do shopping mais tradicional de Macei\u00f3. Venha para o Macei\u00f3 Shopping, ele est\u00e1 perto de tudo, perto de voc\u00ea.<\/p>\n<h3>Macei\u00f3 Shopping Trabalhe Conosco<\/h3>\n<p>Para aqueles que almejam <em>trabalhar<\/em> em uma empresa que preza por realizar servi\u00e7os da mais alta qualidade, e que zela por seus colaboradores e profissionalismo sempre, estes profissionais devem<em> trabalhar<\/em> no Macei\u00f3 Shopping, acesse o site para enviar seu curr\u00edculo.<\/p>\n<h3>Macei\u00f3 Shopping Filmes em Cartaz<\/h3>\n<p>Toda semana a\u00a0programa\u00e7\u00e3o do Kinoplex\u00a0\u00e9 atualizada. Para conferir <em>hor\u00e1rios, salas e valores<\/em> consulte a p\u00e1gina do cinema no portal oficial do Shopping.<\/p>\n<h3>Hor\u00e1rio de Funcionamento Macei\u00f3 Shopping<\/h3>\n<ul>\n<li>Segunda a s\u00e1bado das 9h \u00e1s 22h \/ Domingo das 13h \u00e1s 21h<\/li>\n<\/ul>\n<h3>Onde Fica, Endere\u00e7o e Telefone Macei\u00f3 Shopping<\/h3>\n<ul>\n<li>Av. Comendador Gustavo Paiva, 2990 &#8211; Mangabeiras &#8211; Macei\u00f3 &#8211; AL<\/li>\n<li>Telefone: (82) 2126-1010<\/li>\n<\/ul>\n<h4>Outras informa\u00e7\u00f5es e site<\/h4>\n<ul>\n<li>Mais informa\u00e7\u00f5es: <a href=\"http:\/\/www.maceioshopping.com\/\" target=\"_blank\" rel=\"noopener noreferrer\">www.maceioshopping.com<\/a><\/li>\n<\/ul>\n<h4>Mapa de localiza\u00e7\u00e3o<\/h4>\n<a class=\"wp-colorbox-iframe\" href=\"https:\/\/www.google.com\/maps\/embed?pb=!1m18!1m12!1m3!1d3933.3848298102007!2d-35.717711185851364!3d-9.648121443092931!2m3!1f0!2f0!3f0!3m2!1i1024!2i768!4f13.1!3m3!1m2!1s0x70145be82b171010xbab63bde3f0c02c9!2sMacei+Shopping!5e0!3m2!1spt-BR!2sbr!4v1548249896298\"><img decoding=\"async\" src=\"https:\/\/www.encontramaceio.com.br\/imgs\/maps-post.png\"><\/a>\n\n<div style=\"font-size: 0px; height: 0px; line-height: 0px; margin: 0; padding: 0; clear: both;\"><\/div>","protected":false},"excerpt":{"rendered":"<p>Prestes a completar tr\u00eas d\u00e9cadas em uma das \u00e1reas mais importantes de capital alagoana, o Macei\u00f3 Shopping foi o primeiro shopping do estado, respons\u00e1vel por grandes transforma\u00e7\u00f5es no varejo local, implantando um novo conceito de compras com lazer, conforto e seguran\u00e7a. Seus corredores abrigam mais de 200 lojas oferecendo produtos e servi\u00e7os diferenciados e recebem mensalmente um p\u00fablico de mais de um milh\u00e3o de pessoas. As melhores \u00e2ncoras do Brasil, como Magazine Luiza, Renner, Leader, C &amp; A, Lojas Americanas, Le Biscuit, Marisa, Ricardo Eletro e Lojas Riachuelo est\u00e3o aqui! Al\u00e9m de ser a mais completa op\u00e7\u00e3o em compras, o <\/p>\n","protected":false},"author":1,"featured_media":0,"parent":0,"menu_order":0,"comment_status":"closed","ping_status":"closed","template":"","meta":{"footnotes":""},"class_list":["post-1542","page","type-page","status-publish","hentry"],"aioseo_notices":[],"_links":{"self":[{"href":"https:\/\/www.encontramaceio.com.br\/sobre\/wp-json\/wp\/v2\/pages\/1542","targetHints":{"allow":["GET"]}}],"collection":[{"href":"https:\/\/www.encontramaceio.com.br\/sobre\/wp-json\/wp\/v2\/pages"}],"about":[{"href":"https:\/\/www.encontramaceio.com.br\/sobre\/wp-json\/wp\/v2\/types\/page"}],"author":[{"embeddable":true,"href":"https:\/\/www.encontramaceio.com.br\/sobre\/wp-json\/wp\/v2\/users\/1"}],"replies":[{"embeddable":true,"href":"https:\/\/www.encontramaceio.com.br\/sobre\/wp-json\/wp\/v2\/comments?post=1542"}],"version-history":[{"count":4,"href":"https:\/\/www.encontramaceio.com.br\/sobre\/wp-json\/wp\/v2\/pages\/1542\/revisions"}],"predecessor-version":[{"id":1548,"href":"https:\/\/www.encontramaceio.com.br\/sobre\/wp-json\/wp\/v2\/pages\/1542\/revisions\/1548"}],"wp:attachment":[{"href":"https:\/\/www.encontramaceio.com.br\/sobre\/wp-json\/wp\/v2\/media?parent=1542"}],"curies":[{"name":"wp","href":"https:\/\/api.w.org\/{rel}","templated":true}]}}